{"id":196,"date":"2022-02-10T22:23:51","date_gmt":"2022-02-10T20:23:51","guid":{"rendered":"http:\/\/localhost\/wordpress\/?page_id=196"},"modified":"2022-02-11T20:53:46","modified_gmt":"2022-02-11T20:53:46","slug":"ana-otel","status":"publish","type":"page","link":"http:\/\/www.all-love.ro\/index.php\/ana-otel\/","title":{"rendered":"Ana Otel"},"content":{"rendered":"\t\t<div data-elementor-type=\"wp-page\" data-elementor-id=\"196\" class=\"elementor elementor-196\">\n\t\t\t\t\t\t\t\t\t<section class=\"elementor-section elementor-top-section elementor-element elementor-element-99fdb17 elementor-section-boxed elementor-section-height-default elementor-section-height-default\" data-id=\"99fdb17\" data-element_type=\"section\">\n\t\t\t\t\t\t<div class=\"elementor-container elementor-column-gap-default\">\n\t\t\t\t\t<div class=\"elementor-column elementor-col-100 elementor-top-column elementor-element elementor-element-64a201a\" data-id=\"64a201a\" data-element_type=\"column\">\n\t\t\t<div class=\"elementor-widget-wrap elementor-element-populated\">\n\t\t\t\t\t\t\t\t<div class=\"elementor-element elementor-element-77c81d8 elementor-widget elementor-widget-text-editor\" data-id=\"77c81d8\" data-element_type=\"widget\" data-widget_type=\"text-editor.default\">\n\t\t\t\t<div class=\"elementor-widget-container\">\n\t\t\t<style>\/*! elementor - v3.7.6 - 15-09-2022 *\/\n.elementor-widget-text-editor.elementor-drop-cap-view-stacked .elementor-drop-cap{background-color:#818a91;color:#fff}.elementor-widget-text-editor.elementor-drop-cap-view-framed .elementor-drop-cap{color:#818a91;border:3px solid;background-color:transparent}.elementor-widget-text-editor:not(.elementor-drop-cap-view-default) .elementor-drop-cap{margin-top:8px}.elementor-widget-text-editor:not(.elementor-drop-cap-view-default) .elementor-drop-cap-letter{width:1em;height:1em}.elementor-widget-text-editor .elementor-drop-cap{float:left;text-align:center;line-height:1;font-size:50px}.elementor-widget-text-editor .elementor-drop-cap-letter{display:inline-block}<\/style>\t\t\t\t<p>St\u0103team \u0219i m\u0103 g\u00e2ndeam asear\u0103, \u00een urma unor discu\u021bii, c\u0103 mai sunt c\u00e2teva zile \u0219i merg la retreat All Love &#8230; a treia oar\u0103.<img loading=\"lazy\" decoding=\"async\" class=\"size-medium wp-image-361 alignright\" src=\"http:\/\/www.all-love.ro\/wp-content\/uploads\/2022\/02\/35654413_2071738322856247_5059129749910061056_n-167x300.jpg\" alt=\"\" width=\"167\" height=\"300\" srcset=\"http:\/\/www.all-love.ro\/wp-content\/uploads\/2022\/02\/35654413_2071738322856247_5059129749910061056_n-167x300.jpg 167w, http:\/\/www.all-love.ro\/wp-content\/uploads\/2022\/02\/35654413_2071738322856247_5059129749910061056_n.jpg 560w\" sizes=\"auto, (max-width: 167px) 100vw, 167px\" \/> Mare lucru am mai f\u0103cut pentru mine \u0219i nu glumesc deloc c\u00e2nd spun asta. Mul\u021bumesc Corneliei, lui Patrick, lui Sirley \u0219i celorlal\u021bi participan\u021bi. Merg la workshop-uri din 2015 daaar spun cu toat\u0103 convingerea c\u0103 retreat-ul a f\u0103cut diferen\u021ba \u00een ceea ce m\u0103 prive\u0219te \u0219i mi-a \u00eentrecut toate a\u0219tept\u0103rile. M-a\u0219 bucura da\u0103 v-am f\u0103cut m\u0103car curio\u0219i. Cred c\u0103 iubirea necondi\u021bionat\u0103, dar mai ales iubirea de sine este o mare provocare \u00een evolu\u021bia spiritual\u0103. F\u0103r\u0103 ea via\u021ba nu e la fel de frumoas\u0103.<\/p>\t\t\t\t\t\t<\/div>\n\t\t\t\t<\/div>\n\t\t\t\t\t<\/div>\n\t\t<\/div>\n\t\t\t\t\t\t\t<\/div>\n\t\t<\/section>\n\t\t\t\t\t\t\t<\/div>\n\t\t","protected":false},"excerpt":{"rendered":"<p>St\u0103team \u0219i m\u0103 g\u00e2ndeam asear\u0103, \u00een urma unor discu\u021bii, c\u0103 mai sunt c\u00e2teva zile \u0219i merg la retreat All Love &#8230; a treia oar\u0103. Mare lucru am mai f\u0103cut pentru mine \u0219i nu glumesc deloc c\u00e2nd spun asta. Mul\u021bumesc Corneliei, lui Patrick, lui Sirley \u0219i celorlal\u021bi participan\u021bi. Merg la workshop-uri din 2015 daaar spun cu &hellip; <\/p>\n<p class=\"link-more\"><a href=\"http:\/\/www.all-love.ro\/index.php\/ana-otel\/\" class=\"more-link\">Read more<span class=\"screen-reader-text\"> &#8220;Ana Otel&#8221;<\/span><\/a><\/p>\n","protected":false},"author":2,"featured_media":0,"parent":0,"menu_order":0,"comment_status":"closed","ping_status":"closed","template":"","meta":{"_mi_skip_tracking":false,"footnotes":""},"class_list":["post-196","page","type-page","status-publish","hentry"],"aioseo_notices":[],"featured_media_urls":[],"_links":{"self":[{"href":"http:\/\/www.all-love.ro\/index.php\/wp-json\/wp\/v2\/pages\/196","targetHints":{"allow":["GET"]}}],"collection":[{"href":"http:\/\/www.all-love.ro\/index.php\/wp-json\/wp\/v2\/pages"}],"about":[{"href":"http:\/\/www.all-love.ro\/index.php\/wp-json\/wp\/v2\/types\/page"}],"author":[{"embeddable":true,"href":"http:\/\/www.all-love.ro\/index.php\/wp-json\/wp\/v2\/users\/2"}],"replies":[{"embeddable":true,"href":"http:\/\/www.all-love.ro\/index.php\/wp-json\/wp\/v2\/comments?post=196"}],"version-history":[{"count":3,"href":"http:\/\/www.all-love.ro\/index.php\/wp-json\/wp\/v2\/pages\/196\/revisions"}],"predecessor-version":[{"id":364,"href":"http:\/\/www.all-love.ro\/index.php\/wp-json\/wp\/v2\/pages\/196\/revisions\/364"}],"wp:attachment":[{"href":"http:\/\/www.all-love.ro\/index.php\/wp-json\/wp\/v2\/media?parent=196"}],"curies":[{"name":"wp","href":"https:\/\/api.w.org\/{rel}","templated":true}]}}