{"id":202,"date":"2022-02-10T22:27:07","date_gmt":"2022-02-10T20:27:07","guid":{"rendered":"http:\/\/localhost\/wordpress\/?page_id=202"},"modified":"2022-02-11T20:54:23","modified_gmt":"2022-02-11T20:54:23","slug":"dan-vatcu-master-teacher-sekhem-all-love","status":"publish","type":"page","link":"http:\/\/www.all-love.ro\/index.php\/dan-vatcu-master-teacher-sekhem-all-love\/","title":{"rendered":"Dan Vatcu \u2013 Master Teacher Sekhem\/ All-Love"},"content":{"rendered":"\t\t<div data-elementor-type=\"wp-page\" data-elementor-id=\"202\" class=\"elementor elementor-202\">\n\t\t\t\t\t\t\t\t\t<section class=\"elementor-section elementor-top-section elementor-element elementor-element-512bc10c elementor-section-boxed elementor-section-height-default elementor-section-height-default\" data-id=\"512bc10c\" data-element_type=\"section\">\n\t\t\t\t\t\t<div class=\"elementor-container elementor-column-gap-default\">\n\t\t\t\t\t<div class=\"elementor-column elementor-col-100 elementor-top-column elementor-element elementor-element-77911baa\" data-id=\"77911baa\" data-element_type=\"column\">\n\t\t\t<div class=\"elementor-widget-wrap elementor-element-populated\">\n\t\t\t\t\t\t\t\t<div class=\"elementor-element elementor-element-5c5fa77c elementor-widget elementor-widget-text-editor\" data-id=\"5c5fa77c\" data-element_type=\"widget\" data-widget_type=\"text-editor.default\">\n\t\t\t\t<div class=\"elementor-widget-container\">\n\t\t\t<style>\/*! elementor - v3.7.6 - 15-09-2022 *\/\n.elementor-widget-text-editor.elementor-drop-cap-view-stacked .elementor-drop-cap{background-color:#818a91;color:#fff}.elementor-widget-text-editor.elementor-drop-cap-view-framed .elementor-drop-cap{color:#818a91;border:3px solid;background-color:transparent}.elementor-widget-text-editor:not(.elementor-drop-cap-view-default) .elementor-drop-cap{margin-top:8px}.elementor-widget-text-editor:not(.elementor-drop-cap-view-default) .elementor-drop-cap-letter{width:1em;height:1em}.elementor-widget-text-editor .elementor-drop-cap{float:left;text-align:center;line-height:1;font-size:50px}.elementor-widget-text-editor .elementor-drop-cap-letter{display:inline-block}<\/style>\t\t\t\t<!-- wp:paragraph -->\n<p>Am fost \u00eentotdeauna curios. \u00cemi place s\u0103 \u0219tiu, s\u0103 experimentez, s\u0103 descop\u0103r, s\u0103 aflu \u00een ce fel sunt prost, s\u0103 ma minunez&#8230; \u0219i s\u0103 folosesc ce am aflat, m\u0103car a\u0219a, din c\u00e2nd \u00een c\u00e2nd, dac\u0103 nu pot mereu. De aceea am \u0219i practicat multe metode care ajut\u0103 omul s\u0103 evolueze, s\u0103 devin\u0103 mai echilibrat, mai de\u0219tept, mai puternic, mai bun\u2026<img loading=\"lazy\" decoding=\"async\" class=\"size-medium wp-image-365 alignright\" src=\"http:\/\/www.all-love.ro\/wp-content\/uploads\/2022\/02\/Dan-Vatcu-214x300.jpg\" alt=\"\" width=\"214\" height=\"300\" srcset=\"http:\/\/www.all-love.ro\/wp-content\/uploads\/2022\/02\/Dan-Vatcu-214x300.jpg 214w, http:\/\/www.all-love.ro\/wp-content\/uploads\/2022\/02\/Dan-Vatcu.jpg 513w\" sizes=\"auto, (max-width: 214px) 100vw, 214px\" \/><\/p>\n<!-- \/wp:paragraph --><!-- wp:paragraph -->\n<p>Sunt multe c\u0103i prin care omul poate evolua, unele se potrivesc unora, altele altora. Cel pu\u021bin pentru mine ins\u0103, All Love este Calea Regal\u0103, e calea cea mai scurt\u0103 \u0219i cea mai simpl\u0103 c\u0103tre tine \u00eensu\u021bi. Nu e cea mai u\u0219oar\u0103, dar poate fi cea mai rapid\u0103. Nu \u0219tiu alt\u0103 cale cu ajutorul c\u0103reia te po\u021bi transforma at\u00e2t de mult \u00eentr-un timp at\u00e2t de scurt. N-aduce anul ce-aduce ceasul, n-aduc anii de str\u0103duin\u021b\u0103 ce \u00ee\u021bi poate oferi un curs de All Love.<\/p>\n<!-- \/wp:paragraph --><!-- wp:paragraph -->\n<p>All Love ne poate ajuta s\u0103 descoperim c\u00e2t de dezechilibra\u021bi suntem, c\u00e2t de multe prejudec\u0103\u021bi avem care ne \u00eempiedic\u0103 s\u0103 vedem clar, c\u00e2t de mult\u0103 triste\u021be c\u0103r\u0103m f\u0103r\u0103 s\u0103 \u0219tim. Avem at\u00e2t de mult poten\u021bial irosit, at\u00e2t de mult\u0103 via\u021b\u0103 netr\u0103it\u0103. Prin All Love oricine poate (re)\u00eenv\u0103\u021ba s\u0103 simt\u0103, s\u0103 se bucure cu adev\u0103rat, poate s\u0103 scape de pietrele de moar\u0103 pe care le poart\u0103 \u00een suflet, \u0219tiute sau ne\u0219tiute, s\u0103 ierte lucruri de neiertat, s\u0103 iubeasc\u0103, s\u0103 vad\u0103 lucruri de nev\u0103zut, s\u0103 fie recunosc\u0103tor pentru puteri pe care le-a c\u0103p\u0103tat f\u0103r\u0103 ca m\u0103car s\u0103 le fi cerut sau visat\u2026<\/p>\n<!-- \/wp:paragraph --><!-- wp:paragraph -->\n<p>Apoi afli c\u0103 nu e vorba despre ce po\u021bi face pentru tine ci pentru ceilal\u021bi.<\/p>\n<!-- \/wp:paragraph --><!-- wp:paragraph -->\n<p>Patrick Zeigler nu e doar un prieten. E un OM care schimb\u0103 vie\u021bi, care ajut\u0103 oamenii s\u0103 renasc\u0103 prin propriile lor for\u021be. Mul\u021bumesc, Patrick!<\/p>\n<!-- \/wp:paragraph -->\t\t\t\t\t\t<\/div>\n\t\t\t\t<\/div>\n\t\t\t\t\t<\/div>\n\t\t<\/div>\n\t\t\t\t\t\t\t<\/div>\n\t\t<\/section>\n\t\t\t\t\t\t\t<\/div>\n\t\t","protected":false},"excerpt":{"rendered":"<p>Am fost \u00eentotdeauna curios. \u00cemi place s\u0103 \u0219tiu, s\u0103 experimentez, s\u0103 descop\u0103r, s\u0103 aflu \u00een ce fel sunt prost, s\u0103 ma minunez&#8230; \u0219i s\u0103 folosesc ce am aflat, m\u0103car a\u0219a, din c\u00e2nd \u00een c\u00e2nd, dac\u0103 nu pot mereu. De aceea am \u0219i practicat multe metode care ajut\u0103 omul s\u0103 evolueze, s\u0103 devin\u0103 mai echilibrat, mai &hellip; <\/p>\n<p class=\"link-more\"><a href=\"http:\/\/www.all-love.ro\/index.php\/dan-vatcu-master-teacher-sekhem-all-love\/\" class=\"more-link\">Read more<span class=\"screen-reader-text\"> &#8220;Dan Vatcu \u2013 Master Teacher Sekhem\/ All-Love&#8221;<\/span><\/a><\/p>\n","protected":false},"author":2,"featured_media":0,"parent":0,"menu_order":0,"comment_status":"closed","ping_status":"closed","template":"","meta":{"_mi_skip_tracking":false,"footnotes":""},"class_list":["post-202","page","type-page","status-publish","hentry"],"aioseo_notices":[],"featured_media_urls":[],"_links":{"self":[{"href":"http:\/\/www.all-love.ro\/index.php\/wp-json\/wp\/v2\/pages\/202","targetHints":{"allow":["GET"]}}],"collection":[{"href":"http:\/\/www.all-love.ro\/index.php\/wp-json\/wp\/v2\/pages"}],"about":[{"href":"http:\/\/www.all-love.ro\/index.php\/wp-json\/wp\/v2\/types\/page"}],"author":[{"embeddable":true,"href":"http:\/\/www.all-love.ro\/index.php\/wp-json\/wp\/v2\/users\/2"}],"replies":[{"embeddable":true,"href":"http:\/\/www.all-love.ro\/index.php\/wp-json\/wp\/v2\/comments?post=202"}],"version-history":[{"count":3,"href":"http:\/\/www.all-love.ro\/index.php\/wp-json\/wp\/v2\/pages\/202\/revisions"}],"predecessor-version":[{"id":368,"href":"http:\/\/www.all-love.ro\/index.php\/wp-json\/wp\/v2\/pages\/202\/revisions\/368"}],"wp:attachment":[{"href":"http:\/\/www.all-love.ro\/index.php\/wp-json\/wp\/v2\/media?parent=202"}],"curies":[{"name":"wp","href":"https:\/\/api.w.org\/{rel}","templated":true}]}}