{"id":819,"date":"2023-05-05T07:38:07","date_gmt":"2023-05-05T07:38:07","guid":{"rendered":"http:\/\/www.all-love.ro\/?page_id=819"},"modified":"2023-05-05T07:38:07","modified_gmt":"2023-05-05T07:38:07","slug":"dara-codescu","status":"publish","type":"page","link":"http:\/\/www.all-love.ro\/index.php\/dara-codescu\/","title":{"rendered":"Dara Codescu"},"content":{"rendered":"\n<p>Despre Cornelia Solomon v-am mai vorbit, cu ocazia Festivalului de spiritualitate de la Bac\u0103u. <\/p>\n\n\n\n<p>Zilele trecute, ea a avut un workshop la Bucure\u0219ti. O terapie de grup cu tema &#8220;Vindecare prin iubire&#8221; nu puteam rata. Am str\u0103b\u0103tut str\u0103zile Bucure\u0219tiului, \u00eentr-o diminea\u021b\u0103 \u00eennorat\u0103, dar \u00een plin\u0103 s\u0103rb\u0103toare a magnoliei \u00eenflorite. Am ajuns la adresa c\u0103utat\u0103, o strad\u0103 lini\u0219tit\u0103, cu case vechi, pomi \u00eenflori\u021bi \u0219i stoluri de porumbei. <\/p>\n\n\n\n<p>Nimic din zarva tipic\u0103 a Capitalei! Doar lini\u0219tea \u0219i senza\u021bia de siguran\u021b\u0103, de protec\u021bie venit\u0103 de undeva\u2026<br>Am oprit \u00een fa\u021ba casei unde urma s\u0103 aib\u0103 loc \u00eent\u00e2lnirea, am urcat cele dou\u0103 etaje pe o scar\u0103 \u00een spiral\u0103 \u0219i am intrat \u00eentr-un apartament mobilat simplu, dar cu mult gust. Rafturi cu c\u0103r\u021bi, vitrine cu cristale, o muzic\u0103 ambiental\u0103 care \u00eenv\u0103luia totul \u00eentr-o armonie perfect\u0103. R\u00e2nd pe r\u00e2nd s-au adunat to\u021bi cursan\u021bii, cu fe\u021be z\u00e2mbitor-amabile, dar destul de stingheri, pu\u021bin crispa\u021bi, a\u0219a cum se \u00eent\u00e2mpl\u0103 atunci c\u00e2nd, \u00eentr-o \u00eenc\u0103pere, se adun\u0103 mai mul\u021bi oameni, f\u0103r\u0103 s\u0103 se cunoasc\u0103 \u00eentre ei. Am fost chema\u021bi \u00een \u00eenc\u0103perea al\u0103turat\u0103 \u0219i invita\u021bi s\u0103 ne a\u0219ez\u0103m pe scaunele a\u0219ezate \u00een form\u0103 de cerc. Cornelia Solomon ne \u00eenv\u0103luie cu z\u00e2mbetul ei mereu cald \u0219i ne prezint\u0103 al\u021bi doi profesori Sechem All-Love, Raluca Ioana Cebuc \u0219i Ana Ote. \u00cempreun\u0103 vor forma echipa de terapie a cursului.<br><\/p>\n\n\n\n<p>Cornelia \u00eencepe prin a prezenta sumar terapia All-Love, al c\u0103rei fondator este cunoscutul terapeut interna\u021bional, Patrick Zeigler. Da, ne putem vindeca prin iubire, d\u00e2nd \u0219i primind, \u00een acela\u0219i timp.<br>Cornelia Solomon are stilul ei de a p\u0103trunde \u00een esen\u021ba problemelor cu care se confrunt\u0103 cei care aleg s\u0103 vin\u0103 aici. Ea nu recurge la teorii sofisticate, nici la grafice sau alte scheme. Ea intr\u0103 \u00een poveste. Mai precis, \u00eentr-un labirint de pove\u0219ti adev\u0103rate, ai c\u0103ror protagoni\u0219ti i-au cerut ajutorul de-a lungul anilor. Treptat, to\u021bi cei prezen\u021bi se simt mai relaxa\u021bi, mai elibera\u021bi de emo\u021bia oric\u0103rui \u00eenceput. Simt nevoia s\u0103 completeze sau s\u0103 pun\u0103 \u00eentreb\u0103ri, semn c\u0103 au intrat cu to\u021bii \u00een atmosfer\u0103 momentului.<br><\/p>\n\n\n\n<p>\u00cen partea a doua a zilei, vom face o medita\u021bie \u00een grup, dup\u0103 ce ne-am prins cu to\u021bii de m\u00e2n\u0103. A\u0219a cum suntem a\u0219eza\u021bi \u00een cerc, vom uni energiile noastre, astfel \u00eenc\u00e2t, din toate inimile, se va forma o singur\u0103 inim\u0103. Va trebui s\u0103 cobor\u00e2m \u00een ad\u00e2ncurile min\u021bii noastre \u0219i s\u0103 g\u0103sim r\u0103spunsurile de care avem nevoie, pentru a dep\u0103\u0219i blocajele existente. Deocamdat\u0103, plec\u0103m de la o \u00eentrebare formulat\u0103 de Cornelia: ne d\u0103m voie s\u0103 fim iubi\u021bi?<br>Recunosc c\u0103 nu m-am g\u00e2ndit niciodat\u0103 la asta \u0219i am constatat c\u0103 nu sunt singura.<br>Vede\u021bi? D\u0103m vina pe al\u021bii, pe circumstan\u021be sau pe destin, dar nu ne trece prin minte c\u0103, uneori, noi \u00een\u0219ine suntem cei care \u021bin la distan\u021b\u0103 propriile noastre dorin\u021be.<br><\/p>\n\n\n\n<p>Medita\u021bia avea s\u0103 scoat\u0103 la iveal\u0103 tot ce ascunseser\u0103m cu grij\u0103 \u00een timp. Privit din alt\u0103 perspectiv\u0103, trecutul fiec\u0103ruia se reconfigurase spectaculos. Emo\u021bia a pus st\u0103p\u00e2nire pe fiecare dintre cei prezen\u021bi, ca atunci c\u00e2nd ridici storurile \u0219i lumina p\u0103trunde \u00een fiecare fibr\u0103 a corpului t\u0103u\u2026<br><\/p>\n\n\n\n<p>A doua zi, aveam \u00een program reguli \u0219i tehnici de respira\u021bie. Tot auzim despre ele, dar nimeni nu le face a\u0219a cum e corect \u0219i benefic. Aveam s\u0103 asist \u0219i, la r\u00e2ndul meu, s\u0103 trec prin alt val de emo\u021bii. O regul\u0103 a terapiilor de grup este c\u0103 nimic din ce se discut\u0103 acolo nu pleac\u0103 mai departe. A\u0219adar, nu voi vorbi despre trauma nim\u0103nui, despre lacrimile eliberate din t\u0103ceri \u00eendelung p\u0103strate, despre \u00een\u021belegeri t\u00e2rzii ale unor drame. E adev\u0103rat, cei mai mul\u021bi dintre ei mi-au dat voie sa scriu despre dramele lor personale, dar, acum, \u00een fa\u021ba paginii albe, \u00een\u021beleg c\u0103 nu o pot face. Am fost printre ei, l\u00e2ng\u0103 um\u0103rul lor, l\u00e2ng\u0103 lacrima lor, ne-am \u00een\u021beles unii altora durerile prin care am trecut. A, \u0219i am mai \u00een\u021beles ceva! Eram convins\u0103 c\u0103 \u00eemp\u0103rt\u0103\u0219im emo\u021bia altcuiva, din empatie, din solidaritate uman\u0103. Cornelia mi-a explicat c\u0103 e mai mult de at\u00e2t: dac\u0103 nu raport\u0103m totul la via\u021ba noastr\u0103 actual\u0103, va trebui s\u0103 \u00eenv\u0103\u021b\u0103m c\u0103, \u00een alte vie\u021bi, ne-am confruntat cu drame asem\u0103n\u0103toare celor auzite. Durerile altora au fost c\u00e2ndva \u0219i ale tale. Sond\u00e2nd \u00een ad\u00e2ncurile memoriei, vei reactiva st\u0103rile tr\u0103ite c\u00e2ndva, dar vei \u0219i \u00een\u021belege cauzele care, ulterior, \u021bi-au pricinuit traume.<br><\/p>\n\n\n\n<p>Mi-e greu s\u0103 definesc aceast\u0103 \u00eent\u00e2lnire\u2026 A fost o lec\u021bie de purificare. Un miracol care a f\u0103cut ca mai multe inimi s\u0103 bat\u0103 la fel, de\u0219i, cu doar c\u00e2teva ore \u00eenainte, ace\u0219ti oameni erau ni\u0219te str\u0103ini. La desp\u0103r\u021bire, se topise orice barier\u0103, ne-am promis c\u0103 vom \u021bine leg\u0103tura, c\u0103 vom \u0219ti unii de al\u021bii.<br>Eu \u00eei consider pe to\u021bi prietenii mei \u0219i le sunt recunosc\u0103toare pentru deschiderea de care au dat dovad\u0103, pentru sinceritatea total\u0103, cu care au acceptat s\u0103 vorbeasc\u0103 despre problemele lor, \u00een fa\u021ba unor necunoscu\u021bi. Se vedea c\u0103 nu aveau exerci\u021biul vorbitului \u00een public, dar au c\u0103p\u0103tat energia necesar\u0103 de a se al\u0103tura celorlal\u021bi, de a se vindeca de singur\u0103tatea t\u0103cerilor, de a-\u0219i iubi semenii, cu suferin\u021bele lor, cu tot.<br>Mul\u021bumesc, Cornelia!<br>Mul\u021bumesc, Raluca!<br>Mul\u021bumesc, Ana!<br>Mul\u021bumesc tuturor celor din grup pentru c\u0103 mi-au permis s\u0103 fiu aproape de inimile lor!<br><\/p>\n\n\n\n<p>P.S. &#8211; Cornelia Solomon nu are nevoie de publicitate. Despre capacit\u0103\u021bile ei de a lucra cu energiile a\u0219 putea scrie o carte \u00eentreag\u0103. Dar ea este \u00eens\u0103\u0219i m\u0103re\u021bia simplit\u0103\u021bii! M\u0103 pute\u021bi crede sau nu. Dar\u2026 pute\u021bi verifica ce am spus eu, duc\u00e2ndu-v\u0103 la un curs \u021binut de ea!<\/p>\n","protected":false},"excerpt":{"rendered":"<p>Despre Cornelia Solomon v-am mai vorbit, cu ocazia Festivalului de spiritualitate de la Bac\u0103u. Zilele trecute, ea a avut un workshop la Bucure\u0219ti. O terapie de grup cu tema &#8220;Vindecare prin iubire&#8221; nu puteam rata. Am str\u0103b\u0103tut str\u0103zile Bucure\u0219tiului, \u00eentr-o diminea\u021b\u0103 \u00eennorat\u0103, dar \u00een plin\u0103 s\u0103rb\u0103toare a magnoliei \u00eenflorite. Am ajuns la adresa c\u0103utat\u0103, o &hellip; <\/p>\n<p class=\"link-more\"><a href=\"http:\/\/www.all-love.ro\/index.php\/dara-codescu\/\" class=\"more-link\">Read more<span class=\"screen-reader-text\"> &#8220;Dara Codescu&#8221;<\/span><\/a><\/p>\n","protected":false},"author":2,"featured_media":0,"parent":0,"menu_order":0,"comment_status":"closed","ping_status":"closed","template":"","meta":{"_mi_skip_tracking":false,"footnotes":""},"class_list":["post-819","page","type-page","status-publish","hentry"],"aioseo_notices":[],"featured_media_urls":[],"_links":{"self":[{"href":"http:\/\/www.all-love.ro\/index.php\/wp-json\/wp\/v2\/pages\/819","targetHints":{"allow":["GET"]}}],"collection":[{"href":"http:\/\/www.all-love.ro\/index.php\/wp-json\/wp\/v2\/pages"}],"about":[{"href":"http:\/\/www.all-love.ro\/index.php\/wp-json\/wp\/v2\/types\/page"}],"author":[{"embeddable":true,"href":"http:\/\/www.all-love.ro\/index.php\/wp-json\/wp\/v2\/users\/2"}],"replies":[{"embeddable":true,"href":"http:\/\/www.all-love.ro\/index.php\/wp-json\/wp\/v2\/comments?post=819"}],"version-history":[{"count":1,"href":"http:\/\/www.all-love.ro\/index.php\/wp-json\/wp\/v2\/pages\/819\/revisions"}],"predecessor-version":[{"id":820,"href":"http:\/\/www.all-love.ro\/index.php\/wp-json\/wp\/v2\/pages\/819\/revisions\/820"}],"wp:attachment":[{"href":"http:\/\/www.all-love.ro\/index.php\/wp-json\/wp\/v2\/media?parent=819"}],"curies":[{"name":"wp","href":"https:\/\/api.w.org\/{rel}","templated":true}]}}