{"id":837,"date":"2023-05-05T07:51:54","date_gmt":"2023-05-05T07:51:54","guid":{"rendered":"http:\/\/www.all-love.ro\/?page_id=837"},"modified":"2023-05-05T07:51:55","modified_gmt":"2023-05-05T07:51:55","slug":"a-d","status":"publish","type":"page","link":"http:\/\/www.all-love.ro\/index.php\/a-d\/","title":{"rendered":"A. D."},"content":{"rendered":"\n<p>Dac\u0103 ar fi s\u0103 povestesc prima mea experien\u021b\u0103 despre cursul All Love , nu cred c\u0103 aceast\u0103 experien\u021b\u0103 poate fi exprimat\u0103 in cuvinte , aceast\u0103 experien\u021b\u0103 TREBUIE tr\u0103it\u0103. Nu am avut mari a\u0219tept\u0103ri, pentru c\u0103 nici nu \u0219tiam la ce s\u0103 m\u0103 a\u0219tept \u0219i recunosc faptul c\u0103 am fost pu\u021bin sceptic\u0103. C\u00e2nd mi s-a comunicat c\u0103 nu trebuie s\u0103 fac nimic ci doar s\u0103 respir \u0219i s\u0103 ascult, mi-a consolidat \u0219i mai mult starea de scepticism, dar eram \u0219i foarte curioas\u0103 s\u0103 vad ce se intampl\u0103. \u0218i am inceput , \u2026s\u0103 respir\u2026 iar ceea ce a urmat a dep\u0103\u0219it orice a\u0219tept\u0103ri, adic\u0103 oricum nu aveam a\u0219tept\u0103ri, dar, am tr\u0103it o experien\u021b\u0103 de nedescris. <\/p>\n\n\n\n<p>Am TR\u0102IT o stare de \u00een\u021belegere, compasiune, bl\u00e2nde\u021be, iertare, siguran\u021b\u0103 plin\u0103 de iubire necondi\u021bionat\u0103, o stare de iubire\/dragoste cu blande\u021be \u0219i c\u0103ldur\u0103 universal\u0103, divin\u0103, Dumnezeiasc\u0103, care te face s\u0103 pl\u00e2ngi \u0219i s\u0103 r\u00e2zi in acela\u0219i timp, pentru care chiar nu g\u0103sesc cuvintele potrivite sau nu exist\u0103 cuvinte care s-o descrie. O stare care nu a\u0219 fi vrut nicic\u00e2nd s\u0103 se termine vreodat\u0103. <\/p>\n\n\n\n<p>Am sim\u021bit ni\u0219te vibra\u021bii \u00een corpul meu , \u00een capul meu, \u00een pieptul meu \u0219i mai ales \u00een m\u00e2inile\/palmele mele care mi-au \u00eent\u0103rit mai mult ca niciodat\u0103 credin\u021ba \u00een Dumnezeu, \u00een Iisus Hristos \u0219i \u00een Maica Domnului. Pentru c\u0103 am con\u0219tientizat marea iubire \u0219i putere Divin\u0103. Am ajuns acas\u0103 plin\u0103 de entuziasm \u0219i plin\u0103 de iubire fa\u021b\u0103 de familia mea, intr-o stare de euforie \u00eenc\u00e2t so\u021bul meu m-a intrebat dac\u0103 am baut cumva alcool. I-am spus c\u0103 nu, nu am b\u0103ut alcool, ci doar apa pe care mi-am luat-o de acas\u0103 \u2013 tocmai datorit\u0103 faptului c\u0103 ne\u0219tiind la ce s\u0103 m\u0103 a\u0219tept, am avut anumite re\u021bineri referitor la ceea ce urma s\u0103 se intample la acel curs. I-am spus c\u0103 nu pot explica \u00een cuvinte ceea ce am tr\u0103it, c\u0103 acum cred c\u0103 Iisus Hristos \u0219i Dumnezeu a f\u0103cut toate minunile, \u0219i c\u0103 dac\u0103 vrea s\u0103 \u0219tie \u0219i s\u0103 simt\u0103 ce-am sim\u021bit eu trebuie s\u0103 mearg\u0103 la cursul All Love la care am fost eu.<\/p>\n\n\n\n<p>M\u0103rturisesc c\u0103, dup\u0103 3 zile, deja imi este foarte dor \u0219i t\u00e2njesc dup\u0103 acele momente.<br><br><\/p>\n","protected":false},"excerpt":{"rendered":"<p>Dac\u0103 ar fi s\u0103 povestesc prima mea experien\u021b\u0103 despre cursul All Love , nu cred c\u0103 aceast\u0103 experien\u021b\u0103 poate fi exprimat\u0103 in cuvinte , aceast\u0103 experien\u021b\u0103 TREBUIE tr\u0103it\u0103. Nu am avut mari a\u0219tept\u0103ri, pentru c\u0103 nici nu \u0219tiam la ce s\u0103 m\u0103 a\u0219tept \u0219i recunosc faptul c\u0103 am fost pu\u021bin sceptic\u0103. C\u00e2nd mi s-a comunicat &hellip; <\/p>\n<p class=\"link-more\"><a href=\"http:\/\/www.all-love.ro\/index.php\/a-d\/\" class=\"more-link\">Read more<span class=\"screen-reader-text\"> &#8220;A. D.&#8221;<\/span><\/a><\/p>\n","protected":false},"author":2,"featured_media":0,"parent":0,"menu_order":0,"comment_status":"closed","ping_status":"closed","template":"","meta":{"_mi_skip_tracking":false,"footnotes":""},"class_list":["post-837","page","type-page","status-publish","hentry"],"aioseo_notices":[],"featured_media_urls":[],"_links":{"self":[{"href":"http:\/\/www.all-love.ro\/index.php\/wp-json\/wp\/v2\/pages\/837","targetHints":{"allow":["GET"]}}],"collection":[{"href":"http:\/\/www.all-love.ro\/index.php\/wp-json\/wp\/v2\/pages"}],"about":[{"href":"http:\/\/www.all-love.ro\/index.php\/wp-json\/wp\/v2\/types\/page"}],"author":[{"embeddable":true,"href":"http:\/\/www.all-love.ro\/index.php\/wp-json\/wp\/v2\/users\/2"}],"replies":[{"embeddable":true,"href":"http:\/\/www.all-love.ro\/index.php\/wp-json\/wp\/v2\/comments?post=837"}],"version-history":[{"count":1,"href":"http:\/\/www.all-love.ro\/index.php\/wp-json\/wp\/v2\/pages\/837\/revisions"}],"predecessor-version":[{"id":838,"href":"http:\/\/www.all-love.ro\/index.php\/wp-json\/wp\/v2\/pages\/837\/revisions\/838"}],"wp:attachment":[{"href":"http:\/\/www.all-love.ro\/index.php\/wp-json\/wp\/v2\/media?parent=837"}],"curies":[{"name":"wp","href":"https:\/\/api.w.org\/{rel}","templated":true}]}}