{"id":110,"date":"2022-02-08T17:36:01","date_gmt":"2022-02-08T17:36:01","guid":{"rendered":"http:\/\/localhost\/wordpress\/?page_id=110"},"modified":"2022-03-16T15:09:32","modified_gmt":"2022-03-16T15:09:32","slug":"all-love-2","status":"publish","type":"page","link":"https:\/\/www.all-love.ro\/index.php\/sekhem-all-love\/all-love-2\/","title":{"rendered":"Despre Sekhem"},"content":{"rendered":"\t\t<div data-elementor-type=\"wp-page\" data-elementor-id=\"110\" class=\"elementor elementor-110\">\n\t\t\t\t\t\t\t\t\t<section class=\"elementor-section elementor-top-section elementor-element elementor-element-31873c12 elementor-section-boxed elementor-section-height-default elementor-section-height-default\" data-id=\"31873c12\" data-element_type=\"section\">\n\t\t\t\t\t\t<div class=\"elementor-container elementor-column-gap-default\">\n\t\t\t\t\t<div class=\"elementor-column elementor-col-100 elementor-top-column elementor-element elementor-element-213de5af\" data-id=\"213de5af\" data-element_type=\"column\">\n\t\t\t<div class=\"elementor-widget-wrap elementor-element-populated\">\n\t\t\t\t\t\t\t\t<div class=\"elementor-element elementor-element-51bc036b elementor-widget elementor-widget-text-editor\" data-id=\"51bc036b\" data-element_type=\"widget\" data-widget_type=\"text-editor.default\">\n\t\t\t\t<div class=\"elementor-widget-container\">\n\t\t\t<style>\/*! elementor - v3.7.6 - 15-09-2022 *\/\n.elementor-widget-text-editor.elementor-drop-cap-view-stacked .elementor-drop-cap{background-color:#818a91;color:#fff}.elementor-widget-text-editor.elementor-drop-cap-view-framed .elementor-drop-cap{color:#818a91;border:3px solid;background-color:transparent}.elementor-widget-text-editor:not(.elementor-drop-cap-view-default) .elementor-drop-cap{margin-top:8px}.elementor-widget-text-editor:not(.elementor-drop-cap-view-default) .elementor-drop-cap-letter{width:1em;height:1em}.elementor-widget-text-editor .elementor-drop-cap{float:left;text-align:center;line-height:1;font-size:50px}.elementor-widget-text-editor .elementor-drop-cap-letter{display:inline-block}<\/style>\t\t\t\t<!-- wp:paragraph -->\n<p><strong>SeKHeM \u2013 Seichim \u2013 SKHM<\/strong><\/p>\n<!-- \/wp:paragraph --><!-- wp:paragraph -->\n<p>SeKHeM este un cuv\u00e2nt egiptean care \u00eenseamn\u0103 putere sau t\u0103rie. <img loading=\"lazy\" decoding=\"async\" class=\"size-medium wp-image-588 alignright\" src=\"http:\/\/www.all-love.ro\/wp-content\/uploads\/2022\/03\/sekhmet-egyptian-goddess-sekhem-79x300.jpg\" alt=\"\" width=\"79\" height=\"300\" srcset=\"https:\/\/www.all-love.ro\/wp-content\/uploads\/2022\/03\/sekhmet-egyptian-goddess-sekhem-79x300.jpg 79w, https:\/\/www.all-love.ro\/wp-content\/uploads\/2022\/03\/sekhmet-egyptian-goddess-sekhem.jpg 100w\" sizes=\"auto, (max-width: 79px) 100vw, 79px\" \/>Este, de asemenea, echivalentul egiptean al termenului indian prana sau chi\/ki a\u015fa cum este numit\u0103 \u00een Orient for\u0163a vie\u0163ii, for\u0163a universal\u0103 atotcuprinzatoare prezent\u0103 \u00een tot ceea ce este viu. Este energia universal\u0103 aflat\u0103 peste tot \u00een jurul nostru \u015fi \u00een interiorul nostru. Spunem SeKHeM atunci c\u00e2nd ne referim la lumina vie dar \u0219i c\u00e2nd facem referire la acest vechi sistem egiptean de \u00een\u0163elepciune vindec\u0103toare. Sekhem, Seikim, aceste energii sacre de vindecare lucreaz\u0103 \u00eempreun\u0103 pentru a echilibra \u015fi armoniza complet corpurile la mai multe niveluri \u2013 fizic, emo\u0163ional, mental \u015fi spiritual. Acest lucru extinde capacitea individului de a purta mai mult\u0103 lumin\u0103, mai mult\u0103 iubire \u015fi ancoreaz\u0103 \u015fi fixeaz\u0103 for\u0163a esen\u0163ial\u0103 a vie\u0163ii \u00een cadrul sistemului s\u0103u energetic. Lucrul cu aceast\u0103 energie ajut\u0103 individul s\u0103 se relaxeze profund, s\u0103 descopere cauza real\u0103 a unui disconfort.\u00a0 Poate, de asemenea, s\u0103 ajute la g\u0103sirea scopului, a misiunii personale pe P\u0103m\u00e2nt, la comunicarea cu Sinele, cu ghizii spirituali \u015fi mae\u015ftrii ascenden\u0163i. Ne conecteaz\u0103 la Sursa Marii Iubiri Divine \u2013 ALL LOVE \u2013 a\u015fa cum a fost numit\u0103 de fondator. Energia Sekhem dizolv\u0103 barierele care stau \u00een calea descoperirii sinelui superior, activeaz\u0103 corpul de lumin\u0103, \u00eel consolideaz\u0103. Practicarea sistemului de vindecare\u00a0 SeKHem\/ All \u2013 Love, conduce la unirea\u00a0 energiilor Cerului \u015fi P\u0103m\u00e2ntului \u00een inim\u0103.<\/p>\n<!-- \/wp:paragraph -->\t\t\t\t\t\t<\/div>\n\t\t\t\t<\/div>\n\t\t\t\t\t<\/div>\n\t\t<\/div>\n\t\t\t\t\t\t\t<\/div>\n\t\t<\/section>\n\t\t\t\t\t\t\t<\/div>\n\t\t","protected":false},"excerpt":{"rendered":"<p>SeKHeM \u2013 Seichim \u2013 SKHM SeKHeM este un cuv\u00e2nt egiptean care \u00eenseamn\u0103 putere sau t\u0103rie. Este, de asemenea, echivalentul egiptean al termenului indian prana sau chi\/ki a\u015fa cum este numit\u0103 \u00een Orient for\u0163a vie\u0163ii, for\u0163a universal\u0103 atotcuprinzatoare prezent\u0103 \u00een tot ceea ce este viu. Este energia universal\u0103 aflat\u0103 peste tot \u00een jurul nostru \u015fi \u00een &hellip; <\/p>\n<p class=\"link-more\"><a href=\"https:\/\/www.all-love.ro\/index.php\/sekhem-all-love\/all-love-2\/\" class=\"more-link\">Read more<span class=\"screen-reader-text\"> &#8220;Despre Sekhem&#8221;<\/span><\/a><\/p>\n","protected":false},"author":2,"featured_media":0,"parent":12,"menu_order":0,"comment_status":"closed","ping_status":"closed","template":"elementor_theme","meta":{"_mi_skip_tracking":false,"footnotes":""},"class_list":["post-110","page","type-page","status-publish","hentry"],"aioseo_notices":[],"featured_media_urls":[],"_links":{"self":[{"href":"https:\/\/www.all-love.ro\/index.php\/wp-json\/wp\/v2\/pages\/110","targetHints":{"allow":["GET"]}}],"collection":[{"href":"https:\/\/www.all-love.ro\/index.php\/wp-json\/wp\/v2\/pages"}],"about":[{"href":"https:\/\/www.all-love.ro\/index.php\/wp-json\/wp\/v2\/types\/page"}],"author":[{"embeddable":true,"href":"https:\/\/www.all-love.ro\/index.php\/wp-json\/wp\/v2\/users\/2"}],"replies":[{"embeddable":true,"href":"https:\/\/www.all-love.ro\/index.php\/wp-json\/wp\/v2\/comments?post=110"}],"version-history":[{"count":3,"href":"https:\/\/www.all-love.ro\/index.php\/wp-json\/wp\/v2\/pages\/110\/revisions"}],"predecessor-version":[{"id":591,"href":"https:\/\/www.all-love.ro\/index.php\/wp-json\/wp\/v2\/pages\/110\/revisions\/591"}],"up":[{"embeddable":true,"href":"https:\/\/www.all-love.ro\/index.php\/wp-json\/wp\/v2\/pages\/12"}],"wp:attachment":[{"href":"https:\/\/www.all-love.ro\/index.php\/wp-json\/wp\/v2\/media?parent=110"}],"curies":[{"name":"wp","href":"https:\/\/api.w.org\/{rel}","templated":true}]}}