{"id":117,"date":"2022-02-08T19:39:43","date_gmt":"2022-02-08T19:39:43","guid":{"rendered":"http:\/\/localhost\/wordpress\/?page_id=117"},"modified":"2022-03-16T16:49:41","modified_gmt":"2022-03-16T16:49:41","slug":"all-love-3","status":"publish","type":"page","link":"https:\/\/www.all-love.ro\/index.php\/sekhem-all-love\/all-love-3\/","title":{"rendered":"Profesorul meu.."},"content":{"rendered":"\t\t<div data-elementor-type=\"wp-page\" data-elementor-id=\"117\" class=\"elementor elementor-117\">\n\t\t\t\t\t\t\t\t\t<section class=\"elementor-section elementor-top-section elementor-element elementor-element-93fa135 elementor-section-boxed elementor-section-height-default elementor-section-height-default\" data-id=\"93fa135\" data-element_type=\"section\">\n\t\t\t\t\t\t<div class=\"elementor-container elementor-column-gap-default\">\n\t\t\t\t\t<div class=\"elementor-column elementor-col-100 elementor-top-column elementor-element elementor-element-20f4ac88\" data-id=\"20f4ac88\" data-element_type=\"column\">\n\t\t\t<div class=\"elementor-widget-wrap elementor-element-populated\">\n\t\t\t\t\t\t\t\t<div class=\"elementor-element elementor-element-1ef6a8fd elementor-widget elementor-widget-text-editor\" data-id=\"1ef6a8fd\" data-element_type=\"widget\" data-widget_type=\"text-editor.default\">\n\t\t\t\t<div class=\"elementor-widget-container\">\n\t\t\t<style>\/*! elementor - v3.7.6 - 15-09-2022 *\/\n.elementor-widget-text-editor.elementor-drop-cap-view-stacked .elementor-drop-cap{background-color:#818a91;color:#fff}.elementor-widget-text-editor.elementor-drop-cap-view-framed .elementor-drop-cap{color:#818a91;border:3px solid;background-color:transparent}.elementor-widget-text-editor:not(.elementor-drop-cap-view-default) .elementor-drop-cap{margin-top:8px}.elementor-widget-text-editor:not(.elementor-drop-cap-view-default) .elementor-drop-cap-letter{width:1em;height:1em}.elementor-widget-text-editor .elementor-drop-cap{float:left;text-align:center;line-height:1;font-size:50px}.elementor-widget-text-editor .elementor-drop-cap-letter{display:inline-block}<\/style>\t\t\t\t<p>Este foarte greu s\u0103 povestesc despre Patrick \u015fi despre procesul de vindecare \u00een cadrul terapiilor All Love&#8230; To\u0163i mae\u0219trii pe care i-am ales sunt foarte importan\u021bi pentru via\u021ba\u00a0 mea. Au fost ceea ce mi-a trebuit&#8230; la timpul potrivit&#8230; pentru a m\u0103 ajuta s\u0103 &#8220;trec pragul&#8221;&#8230; \u015ei au recuno\u0219tin\u021b\u0103&#8230; ve\u0219nic\u0103.<img loading=\"lazy\" decoding=\"async\" class=\"size-full wp-image-599 aligncenter\" src=\"http:\/\/www.all-love.ro\/wp-content\/uploads\/2022\/03\/10506621_1492870084263875_371906525887446618_o.jpg\" alt=\"\" width=\"206\" height=\"206\" srcset=\"https:\/\/www.all-love.ro\/wp-content\/uploads\/2022\/03\/10506621_1492870084263875_371906525887446618_o.jpg 206w, https:\/\/www.all-love.ro\/wp-content\/uploads\/2022\/03\/10506621_1492870084263875_371906525887446618_o-150x150.jpg 150w\" sizes=\"auto, (max-width: 206px) 100vw, 206px\" \/><\/p><p>Voi spune acum a\u015fa: Patrick Zeigler, este pentru mine cel mai important OM pe care l-am cunoscut \u00een via\u021ba\u00a0 aceasta, din lumea aceasta. De ce? Pentru c\u0103 mi-a dat posibilitatea s\u0103-l cunosc pentru a m\u0103 cunoa\u0219te&#8230; Pentru c\u0103 mi-a dat posibilitatea s\u0103-l iubesc pentru a m\u0103 iubi \u015fi pentru a iubi&#8230; Pentru c\u0103 mi-a sp\u0103lat sufletul, l-a m\u00e2ng\u00e2iat \u015fi l-a a\u0219ezat la locul lui. Pentru c\u0103 a f\u0103cut \u00een a\u015fa fel \u00eenc\u0103t&#8230; nu exist\u0103 zi\u00a0 \u00een care s\u0103 nu-i simt prezen\u0163a&#8230; prin amprenta l\u0103sat\u0103 sufletului meu, personalit\u0103\u021bii mele. \u015ei&#8230; nu a f\u0103cut asta doar pentru mine. Sau&#8230;\u00a0 nu special pentru mine. Pentru to\u0163i. Egal. Ce am f\u0103cut eu? M-am deschis s\u0103 primesc. L-am urmat&#8230; \u00een lini\u0219te&#8230; an de an. \u015ei&#8230; \u00een fiecare an&#8230; am sim\u021bit c\u0103 mi-a l\u0103sat ceva. Ceva care s\u0103-mi aminteasc\u0103 \u00een fiecare zi c\u0103 l-am cunoscut \u015fi c\u0103 mi-a atins sufletul. A\u015fa func\u021bionez eu. Ast\u0103zi! Dac\u0103 m\u0103 uit \u00een oglind\u0103&#8230; \u00eemi amintesc de Patrick. C\u00e2nd \u00eemi place de mine&#8230; c\u00e2nd&#8230; m\u0103 iubesc&#8230; \u00eemi amintesc de Patrick. Atunci c\u00e2nd cei cu care evoluez \u00eemi pun r\u0103bdarea la \u00eencercare&#8230; c\u00e2nd m\u0103 simt atacat\u0103&#8230; m\u0103 surprind c\u0103 intru \u00een inima mea \u015fi spun&#8230;&#8221;OK&#8221;! C\u00e2nd \u00eemi pup c\u0103\u021belul, c\u00e2nd m\u0103 joc cu pisicu\u021bele \u015fi&#8230; mai ales c\u00e2nd m\u0103 trezesc diminea\u021ba l\u00e2ng\u0103 Mirel&#8230; \u00eemi amintesc de Patrick. \u015ei&#8230; pentru acestea \u015fi&#8230; pentru mult mai multe&#8230; sunt recunosc\u0103toare&#8230; lui Patrick. \u0218tiu c\u0103 \u00eent\u00e2lnirea cu el m-a transformat. Dintr-un om \u00een alt om. Toate acestea justific\u0103 insisten\u0163a cu care vreau s\u0103 vi-l prezint.\u00a0 Pentru mine, Cornelia Solomon, Patrick Zeigler este cel mai frumos, cel mai minunat, cel mai bun Om, \u00eenv\u0103\u021b\u0103tor, vindec\u0103tor&#8230; prieten.<img loading=\"lazy\" decoding=\"async\" class=\"alignnone size-medium wp-image-644\" src=\"http:\/\/www.all-love.ro\/wp-content\/uploads\/2022\/03\/89721952_3269009966462404_4374778925209878528_n-300x156.jpg\" alt=\"\" width=\"300\" height=\"156\" srcset=\"https:\/\/www.all-love.ro\/wp-content\/uploads\/2022\/03\/89721952_3269009966462404_4374778925209878528_n-300x156.jpg 300w, https:\/\/www.all-love.ro\/wp-content\/uploads\/2022\/03\/89721952_3269009966462404_4374778925209878528_n.jpg 526w\" sizes=\"auto, (max-width: 300px) 100vw, 300px\" \/><img loading=\"lazy\" decoding=\"async\" class=\"size-medium wp-image-603 alignright\" src=\"http:\/\/www.all-love.ro\/wp-content\/uploads\/2022\/03\/7-iulie-2016-300x225.jpg\" alt=\"\" width=\"300\" height=\"225\" srcset=\"https:\/\/www.all-love.ro\/wp-content\/uploads\/2022\/03\/7-iulie-2016-300x225.jpg 300w, https:\/\/www.all-love.ro\/wp-content\/uploads\/2022\/03\/7-iulie-2016-768x576.jpg 768w, https:\/\/www.all-love.ro\/wp-content\/uploads\/2022\/03\/7-iulie-2016.jpg 960w\" sizes=\"auto, (max-width: 300px) 100vw, 300px\" \/><\/p><p>OMULE, dac\u0103 te doare, dac\u0103 nu te accep\u021bi, dac\u0103 nu te sim\u0163i bine&#8230; tu cu tine&#8230; dac\u0103 vrei mai mult, dac\u0103 vrei s\u0103 te schimbi&#8230; atunci&#8230; te rog eu frumos: d\u0103-\u0163i voie s\u0103 te \u00eent\u00e2lne\u0219ti cu Patrick Scott Zeigler&#8230; Dac\u0103 pe toate acestea deja le-ai dob\u00e2ndit&#8230; poate vrei s\u0103 \u00eent\u00e2lne\u0219ti un model de r\u0103bdare, de modestie, de capacitate de \u00een\u021belegere&#8230; Acesta este Patrick \u015fi&#8230;\u00a0 d\u0103-\u0163i voie s\u0103-l cuno\u0219ti.<\/p>\t\t\t\t\t\t<\/div>\n\t\t\t\t<\/div>\n\t\t\t\t\t<\/div>\n\t\t<\/div>\n\t\t\t\t\t\t\t<\/div>\n\t\t<\/section>\n\t\t\t\t\t\t\t<\/div>\n\t\t","protected":false},"excerpt":{"rendered":"<p>Este foarte greu s\u0103 povestesc despre Patrick \u015fi despre procesul de vindecare \u00een cadrul terapiilor All Love&#8230; To\u0163i mae\u0219trii pe care i-am ales sunt foarte importan\u021bi pentru via\u021ba\u00a0 mea. Au fost ceea ce mi-a trebuit&#8230; la timpul potrivit&#8230; pentru a m\u0103 ajuta s\u0103 &#8220;trec pragul&#8221;&#8230; \u015ei au recuno\u0219tin\u021b\u0103&#8230; ve\u0219nic\u0103. Voi spune acum a\u015fa: Patrick Zeigler, &hellip; <\/p>\n<p class=\"link-more\"><a href=\"https:\/\/www.all-love.ro\/index.php\/sekhem-all-love\/all-love-3\/\" class=\"more-link\">Read more<span class=\"screen-reader-text\"> &#8220;Profesorul meu..&#8221;<\/span><\/a><\/p>\n","protected":false},"author":2,"featured_media":0,"parent":12,"menu_order":0,"comment_status":"closed","ping_status":"closed","template":"","meta":{"_mi_skip_tracking":false,"footnotes":""},"class_list":["post-117","page","type-page","status-publish","hentry"],"aioseo_notices":[],"featured_media_urls":[],"_links":{"self":[{"href":"https:\/\/www.all-love.ro\/index.php\/wp-json\/wp\/v2\/pages\/117","targetHints":{"allow":["GET"]}}],"collection":[{"href":"https:\/\/www.all-love.ro\/index.php\/wp-json\/wp\/v2\/pages"}],"about":[{"href":"https:\/\/www.all-love.ro\/index.php\/wp-json\/wp\/v2\/types\/page"}],"author":[{"embeddable":true,"href":"https:\/\/www.all-love.ro\/index.php\/wp-json\/wp\/v2\/users\/2"}],"replies":[{"embeddable":true,"href":"https:\/\/www.all-love.ro\/index.php\/wp-json\/wp\/v2\/comments?post=117"}],"version-history":[{"count":12,"href":"https:\/\/www.all-love.ro\/index.php\/wp-json\/wp\/v2\/pages\/117\/revisions"}],"predecessor-version":[{"id":647,"href":"https:\/\/www.all-love.ro\/index.php\/wp-json\/wp\/v2\/pages\/117\/revisions\/647"}],"up":[{"embeddable":true,"href":"https:\/\/www.all-love.ro\/index.php\/wp-json\/wp\/v2\/pages\/12"}],"wp:attachment":[{"href":"https:\/\/www.all-love.ro\/index.php\/wp-json\/wp\/v2\/media?parent=117"}],"curies":[{"name":"wp","href":"https:\/\/api.w.org\/{rel}","templated":true}]}}