{"id":119,"date":"2022-02-08T19:39:59","date_gmt":"2022-02-08T19:39:59","guid":{"rendered":"http:\/\/localhost\/wordpress\/?page_id=119"},"modified":"2022-03-16T15:27:42","modified_gmt":"2022-03-16T15:27:42","slug":"all-love-4","status":"publish","type":"page","link":"https:\/\/www.all-love.ro\/index.php\/sekhem-all-love\/all-love-4\/","title":{"rendered":"Despre ini\u021biere\/iluminare \u0219i de ce s\u0103 vrei iluminarea?"},"content":{"rendered":"\t\t<div data-elementor-type=\"wp-page\" data-elementor-id=\"119\" class=\"elementor elementor-119\">\n\t\t\t\t\t\t\t\t\t<section class=\"elementor-section elementor-top-section elementor-element elementor-element-1ff46659 elementor-section-boxed elementor-section-height-default elementor-section-height-default\" data-id=\"1ff46659\" data-element_type=\"section\">\n\t\t\t\t\t\t<div class=\"elementor-container elementor-column-gap-default\">\n\t\t\t\t\t<div class=\"elementor-column elementor-col-100 elementor-top-column elementor-element elementor-element-6896767a\" data-id=\"6896767a\" data-element_type=\"column\">\n\t\t\t<div class=\"elementor-widget-wrap elementor-element-populated\">\n\t\t\t\t\t\t\t\t<div class=\"elementor-element elementor-element-12427a9c elementor-widget elementor-widget-text-editor\" data-id=\"12427a9c\" data-element_type=\"widget\" data-widget_type=\"text-editor.default\">\n\t\t\t\t<div class=\"elementor-widget-container\">\n\t\t\t<style>\/*! elementor - v3.7.6 - 15-09-2022 *\/\n.elementor-widget-text-editor.elementor-drop-cap-view-stacked .elementor-drop-cap{background-color:#818a91;color:#fff}.elementor-widget-text-editor.elementor-drop-cap-view-framed .elementor-drop-cap{color:#818a91;border:3px solid;background-color:transparent}.elementor-widget-text-editor:not(.elementor-drop-cap-view-default) .elementor-drop-cap{margin-top:8px}.elementor-widget-text-editor:not(.elementor-drop-cap-view-default) .elementor-drop-cap-letter{width:1em;height:1em}.elementor-widget-text-editor .elementor-drop-cap{float:left;text-align:center;line-height:1;font-size:50px}.elementor-widget-text-editor .elementor-drop-cap-letter{display:inline-block}<\/style>\t\t\t\t<p>Se \u00eent\u00e2mpl\u0103 ceva lucruri \u00een noi.<\/p><p>Pe m\u0103sur\u0103 ce evolu\u0103m, \u00eencrederea \u00een noi \u00een\u0219ine cre\u0219te \u0219i cap\u0103t\u0103 o cu totul alt\u0103 form\u0103. Emo\u021biile \u00eencep s\u0103 se lini\u0219teasc\u0103&#8230; g\u00e2ndurile se ordoneaz\u0103 \u0219i acces\u0103m Sufletul. Vindecarea emo\u021biilor \u0219i sentimentelor se face treptat&#8230; treptat&#8230; Cu fiecare sesiune de vindecare se \u00eenl\u0103tur\u0103 un strat \u0219i&#8230; \u00eenc\u0103 un strat.<img loading=\"lazy\" decoding=\"async\" class=\"size-medium wp-image-603 aligncenter\" src=\"http:\/\/www.all-love.ro\/wp-content\/uploads\/2022\/03\/7-iulie-2016-300x225.jpg\" alt=\"\" width=\"300\" height=\"225\" srcset=\"https:\/\/www.all-love.ro\/wp-content\/uploads\/2022\/03\/7-iulie-2016-300x225.jpg 300w, https:\/\/www.all-love.ro\/wp-content\/uploads\/2022\/03\/7-iulie-2016-768x576.jpg 768w, https:\/\/www.all-love.ro\/wp-content\/uploads\/2022\/03\/7-iulie-2016.jpg 960w\" sizes=\"auto, (max-width: 300px) 100vw, 300px\" \/><\/p><p style=\"text-align: left;\">La un moment dat ajungi \u00een centrul fiin\u021bei tale. Asta se \u00eent\u00e2mpl\u0103 la All Love. Doar c\u0103 aici lucrurile se produc mai repede. Intr\u0103m \u00een l\u0103ca\u0219ul spiritual al sufletului. La \u00eenceput este furtun\u0103, \u00eentuneric&#8230; La\u00a0\u00a0\u00a0 un moment dat, soarele ajunge s\u0103 s\u0103l\u0103\u0219luiasc\u0103 acolo. Reu\u0219im s\u0103 aducem acel \u201csoare ro\u0219u str\u0103lucitor\u201d p\u00e2n\u0103 \u00een inima noastr\u0103 \u0219i se face lumin\u0103. Acolo se afl\u0103 E-ul profund. Esen\u021ba noastr\u0103. Este vorba despre acel moment de iluminare care dureaz\u0103 at\u00e2t c\u00e2t&#8230; poate duce fiecare&#8230; Momentul este unic. De fiecare dat\u0103 va fi altfel. Ceea ce are \u00een comun este c\u0103 acolo nu exist\u0103 timp, nu exist\u0103 condi\u021bion\u0103ri. Pentru Eul profund nu exist\u0103 alb sau negru&#8230; bine sau r\u0103u. Eul profund este dincolo de minte. Deci, \u00een acel moment, al ilumin\u0103rii, mintea \u0219i emo\u021biile se dizolv\u0103. Se intr\u0103 \u00eentr-o stare profund\u0103 de fericire&#8230; de iubire necondi\u0163ionat\u0103&#8230; de \u00eemplinire complet\u0103. O pace infinit\u0103. Nu este c\u0103 nu mai ai emo\u0163ii. Sistemul emo\u021bional este structurat altfel. Totul pleac\u0103 din\u00a0\u00a0\u00a0\u00a0 Eul profund. Sentimentele \u0219i emo\u0163iile nu mai sunt dirijate din exterior. Energia izvor\u0103\u0219te din Eul interior&#8230; profund. <img loading=\"lazy\" decoding=\"async\" class=\"size-medium wp-image-611 alignright\" src=\"http:\/\/www.all-love.ro\/wp-content\/uploads\/2022\/03\/poza-site-300x220.png\" alt=\"\" width=\"300\" height=\"220\" srcset=\"https:\/\/www.all-love.ro\/wp-content\/uploads\/2022\/03\/poza-site-300x220.png 300w, https:\/\/www.all-love.ro\/wp-content\/uploads\/2022\/03\/poza-site.png 576w\" sizes=\"auto, (max-width: 300px) 100vw, 300px\" \/>Atunci toate schimb\u0103rile din\u00a0 via\u021ba ta se transform\u0103, devenind pozitive. Este acel moment \u00een care te \u00eent\u00e2lne\u0219ti cu tine. Cu cel care e\u0219ti tu de fapt. Acel moment \u00een care \u00ee\u021bi descoperi misiunea pentru care e\u0219ti tu, \u00een acest corp, \u00een aceast\u0103 via\u021b\u0103, pe acest Pam\u00e2nt. Este ca o parol\u0103 cu care accesezi toat\u0103 informa\u021bia ascuns\u0103 \u00een subcon\u0219tient.\u00a0 Ai acces la puterea ta interioar\u0103. Te eliberezi de frici, de nesiguran\u021b\u0103. Devii liber. Con\u0219tientizezi c\u0103 ai \u00een interiorul t\u0103u tot ceea ce-\u021bi trebuie. Tot ceea ce, mai ieri, erai convins c\u0103-\u021bi lipse\u0219te. Fricile tale sunt false. Descoperi \u00een interiorul t\u0103u\u00a0 for\u021ba de care ai nevoie, acea frumuse\u021be&#8230; esen\u021ba &#8230; sinele t\u0103u&#8230; ceea ce e\u0219ti tu cu adev\u0103rat. \u00cencepi s\u0103-\u021bi dai seama, c\u0103 ai stat ascuns \u00een tine, doar observator la ceea ce ai manifestat p\u00e2n\u0103 acum. Descoperi c\u0103, \u00een tot acest timp, E-ul t\u0103u\u00a0\u00a0 st\u0103tea acolo&#8230; t\u0103cut&#8230; \u00eentr-o stare de fericire infinit\u0103, de putere absolut\u0103. Sim\u021bi \u00een interiorul t\u0103u puterea \u00eentregului Univers. \u0162i-ai rec\u0103p\u0103tat identitatea! \u00ce\u0163i dai seama c\u0103 func\u021bionai sub controlul min\u021bii. Mintea \u0219i emo\u021biile se topesc atunci c\u00e2nd energia te conduce spre interior. Mintea nu este util\u0103 c\u0103ut\u0103rilor interioare. Mintea este bun\u0103 doar pentru exterior. Dac\u0103 ceva nu \u00een\u021belege \u00eencepe s\u0103 critice. Preia controlul, devine st\u0103p\u00e2n\u0103. Ea decide ce trebuie s\u0103 sim\u021bi \u0219i ce nu, ce tr\u0103ie\u0219ti&#8230; Loialitatea mea fa\u021b\u0103 de energia All-Love a venit de aici. Am g\u0103sit cheia, metoda, calea cu care am avut acces la mine. Am \u00eenv\u0103\u021bat s\u0103 intru acolo&#8230; ori de c\u00e2te ori simt c\u0103 m\u0103 pierd. Intru \u0219i-mi iau for\u021ba, puterea de la sursa mea interioar\u0103 care, odat\u0103 conectat\u0103 la Sursa Universal\u0103, devine inepuizabil\u0103.\u00a0 Experien\u021bele pe care le tr\u0103im ne ajut\u0103 s\u0103 ne observ\u0103m emo\u021biile \u0219i, astfel, vom reu\u0219i s\u0103 le distrugem pe cele negative \u0219i s\u0103 \u00een\u021belegem care este cauza lor. Asta ne va permite s\u0103 aducem energia iubirii acolo unde este durere, m\u00e2nie, frustrare pentru a le dizolva, pentru a ne elibera de acestea \u0219i de povara grea a negativit\u0103\u021bii. Nu \u00eenseamn\u0103 c\u0103 e ca \u0219i cum s-au \u0219ters, ca \u0219i cum nu au existat&#8230; dar ne schimb\u0103m atitudinea fa\u021b\u0103 de ceea ce ne-a adus la suferin\u021b\u0103, depresie, pierdere, frustrare \u0219i nefericire. Asta face energia iubirii cu noi. Devenim noi \u00een\u0219ine \u0219i pe interior \u0219i pe exterior. Devenim con\u0219tiin\u021b\u0103 pur\u0103, deschi\u0219i, asuma\u021bi&#8230; total diferi\u021bi. Cre\u0103m un mediu favorabil vindec\u0103rii \u00een inima noastr\u0103 prin iubire, credin\u021b\u0103, iertare, emo\u021bii pozitive. Energia All-Love determin\u0103 s\u0103 nu mai permitem min\u021bii s\u0103 ne \u00eencarce sufletul\u00a0 devenind noi \u00een\u0219ine mai buni, mai puternici. Iubindu-ne pe noi evit\u0103m s\u0103-i agres\u0103m pe ceilal\u021bi, atunci c\u00e2nd, involuntar, emitem judec\u0103\u021bi sau \u00eei vl\u0103guim de energie \u00eencerc\u00e2nd s\u0103-i facem p\u0103rta\u0219i la nemul\u021bumirile noastre. Atunci c\u00e2nd iubirea pleac\u0103 din inim\u0103 va \u00eembr\u0103\u021bi\u0219a tot ceea ce este \u00eentunecat \u00een interior sau exterior. Mintea a\u0219teapt\u0103 \u00eentotdeauna ca iubirea s\u0103 vin\u0103 din afar\u0103. \u00cen aceast\u0103 situa\u021bie, sim\u021bim un gol sufletesc pe care nu \u0219tim cum s\u0103-l umplem pentru c\u0103 nu cunoa\u0219tem iubirea spiritual\u0103. C\u00e2t timp pretindem \u0219i a\u0219tept\u0103m\u00a0 iubirea din exterior,\u00a0 nu o vom recunoa\u0219te, nu o \u00een\u021belegem, nu o manifest\u0103m \u0219i nu o d\u0103ruim. Vom umple un gol \u0219i&#8230; altul \u00eei va lua locul. Iubirea din inim\u0103 este dumnezeiasc\u0103.\u00a0\u00a0\u00a0 Infinit\u0103. Iubirea nu este doar un cuv\u00e2nt. Este manifestarea divin\u0103 a darului pe care Dumnezeu ni\u00a0 l-a f\u0103cut nou\u0103 oamenilor \u0219i care ne face speciali.\u00a0 Permi\u021b\u00e2nd inimii s\u0103 se deschid\u0103, sim\u021bim energia c\u00e2nt\u00e2nd&#8230; dans\u00e2nd \u00een centrul pieptului \u0219i nu ne r\u0103m\u00e2ne dec\u00e2t s\u0103 observ\u0103m cum timpul \u00eencetine\u0219te, exteriorul se transform\u0103 \u00een culoare, armonie,\u00a0 pl\u0103cere, frumuse\u021be, pace. Este momentul \u00een care \u00een\u021belegem c\u0103 iubirea nu este doar un cuv\u00e2nt. Dumnezeu ne-a creat astfel. \u00cen fiecare dintre noi exist\u0103 un templu al iubirii \u0219i&#8230; acolo El s\u0103l\u0103\u0219luieste. \u015ei prin asta ar trebui s\u0103 devenim uni\u021bi. <img loading=\"lazy\" decoding=\"async\" class=\"size-medium wp-image-615 alignleft\" src=\"http:\/\/www.all-love.ro\/wp-content\/uploads\/2022\/03\/anhk-289x512-1-169x300.jpg\" alt=\"\" width=\"169\" height=\"300\" srcset=\"https:\/\/www.all-love.ro\/wp-content\/uploads\/2022\/03\/anhk-289x512-1-169x300.jpg 169w, https:\/\/www.all-love.ro\/wp-content\/uploads\/2022\/03\/anhk-289x512-1.jpg 289w\" sizes=\"auto, (max-width: 169px) 100vw, 169px\" \/>Una din \u00eenv\u0103\u021b\u0103turile pe care ni le d\u0103 energia SeKHeM\/All-Love este s\u0103 ne reamintim c\u0103 suntem iubire divin\u0103 \u0219i mesajul este s\u0103-i ajut\u0103m \u0219i pe al\u021bii s\u0103 deprind\u0103 acest limbaj comun cu care suntem \u00eenzestra\u021bi.\u00a0 Vorbim despre iubirea necondi\u021bionat\u0103 \u0219i, \u00eentr-un fel, cu to\u021bii ne dorim acea stare. Dar \u0219tim ce \u00eenseamn\u0103? Iubirea necondi\u021bionat\u0103 nu este ceva ce putem c\u0103uta. Din cauza aceasta \u201ea iubi necondi\u021bionat\u201d pare un ideal greu de atins. \u00cens\u0103\u2026 noi ne-am n\u0103scut cu acest \u201cdar\u201d. L-am primit de la \u00eenceput. Am venit \u00een lume \u0219tiind ce \u00eenseamn\u0103. Odat\u0103 ajun\u0219i pe p\u0103m\u00e2nt au \u00eenceput condi\u021bion\u0103rile care\u00a0\u00a0\u00a0\u00a0 ne-au limitat. Educa\u021bia primit\u0103 de la p\u0103rin\u021bi, \u0219coal\u0103\u00a0 \u0219i societatea au \u0219ters pur \u015fi simplu credin\u021ba \u00een iubirea necondi\u021bionat\u0103. Pe masur\u0103 ce trece timpul, acumul\u0103m experien\u021be \u0219i ne \u00eendep\u0103rt\u0103m tot mai\u00a0\u00a0\u00a0 mult de ceea ce am primit. \u015ei nu ne mai sim\u021bim confortabil\u2026 \u0219i parc\u0103 ceva ne doare, un gol dureros ne trage \u00eenapoi\u2026. Este glasul sufletului. Sufletul nostru \u0219tie c\u0103 o astfel de iubire exist\u0103. Sufletul nostru \u021bip\u0103 dup\u0103 acel ceva. A g\u0103si iubirea necondi\u021bionat\u0103 \u00eenseamn\u0103 a ne reg\u0103si pe noi \u00een\u0219ine.\u00a0 A avea iubire necondi\u0163ionat\u0103 \u00eenseamn\u0103 a d\u0103rui iubire din inim\u0103, f\u0103r\u0103 a a\u0219tepta ceva \u00een schimb. Este iubirea spiritual\u0103, o stare de a fi. \u015ei, cu c\u00e2t vom\u00a0 crede, cu c\u00e2t o vom d\u0103rui, cu at\u00e2t mai mult o vom primi. C\u00e2nd inima\u00a0 este \u00eenchis\u0103, iubim condi\u021bionat. C\u00e2nd inima se deschide,\u00a0 iubim a\u0219a cum ne iube\u0219te Dumnezeu.\u00a0\u00a0\u00a0 Deschiz\u00e2ndu-ne inima, iubim pur \u0219i simplu.\u00a0\u00a0\u00a0 IUBIM IUBIREA! Oric\u00e2t a\u0219 \u00eencerca eu s\u0103\u00a0\u00a0 descriu\u2026 sunt doar cuvinte. De aceea vorbim despre deschiderea inimii ca despre un moment \u00een\u0103l\u021b\u0103tor. Atunci vine ini\u021bierea!\u00a0 Ob\u021binem Iluminarea!<\/p><p>Cu alte cuvinte, ini\u021bierea ne \u00eemputernice\u0219te.\u00a0\u00a0\u00a0\u00a0 Primim puterea iubirii. Exist\u0103 o mare diferen\u021b\u0103 \u00eentre ini\u021bierea prin energia All-Love \u0219i celelalte sisteme energetice. E\u0219ti obi\u0219nuit s\u0103 stai frumos pe un scaun, cu ochii \u00eenchi\u0219i, m\u00e2inile \u00een Gassho \u0219i a\u0219tep\u021bi p\u00e2n\u0103 c\u00e2nd un maestru des\u0103v\u00e2r\u0219e\u0219te acel ritual \u201dmagic\u201d,\u00a0 de altfel, de ini\u021biere. Nu insist asupra lui. \u015ei eu am primit \u0219i dau ini\u021bieri pe mai multe sisteme, atunci c\u00e2nd oamenii \u00eemi cer. Exist\u0103 \u00een ultimul timp goana dup\u0103 linia de ini\u021biere cea mai bun\u0103\u2026 cea mai scurt\u0103. Nu cred c\u0103 \u0103sta este cel mai important lucru. Nu e ca \u0219i cum ai primi ceva \u0219i gata. Cred c\u0103 a lucra cu sistemul este cel mai important. Am avut privilegiul s\u0103-l cunosc, la un moment dat, pe Don Beckett. A venit \u00een Rom\u00e2nia \u0219i am primit mai multe ini\u021bieri. \u00cen cartea sa, \u201cReiki \u2013 adev\u0103rata\u00a0 poveste\u201d, publicat\u0103 \u00een Rom\u00e2nia la editura Cartea.info, sub \u00eengrijirea\u00a0 lui Vlad T. Popescu, spunea la un moment dat \u201cReiki este simplu\u2026 dar mae\u0219trii cu liniile lor l-au sufocat.\u201d Voi mai aminti aici \u015fi c\u0103\u2026 cel mai mare privilegiu a fost s\u0103-l \u00eent\u00e2lnesc pe Don la un workshop All-Love la Bucure\u0219ti. A stat acolo, cuminte, \u00een cerc \u015fi, mai mult dec\u00e2t at\u00e2t, ne-a oferit ocazia s\u0103-l sus\u021binem \u00een procesul s\u0103u de vindecare. Pentru mine a fost\u2026 \u00een\u0103l\u021b\u0103tor\u2026 cople\u0219itor! Am sim\u021bit acolo \u00een prezen\u0163a sa \u0219i dar \u0219i binecuv\u00e2ntare. Dar, revenind la ini\u021biere. Am primit prima ini\u021biere\u00a0 pe Tehnic\u0103 Radiant\u0103 \u00een anul 1998. Apoi, \u00eencep\u00e2nd din 2002 am primit multe initieri, pe diferite\u00a0 sisteme, de la mai mul\u0163i mae\u0219tri. Am f\u0103cut Reiki cu mai mul\u0163i mae\u0219tri deoarece \u00eemi doream s\u0103 \u00eenv\u0103\u0163 c\u00e2t mai mult. Am cunoscut\u00a0 mae\u0219tri care spuneau\u2026 \u201dAaa\u2026 Eu am cel mai bun Reiki! Eu sunt cel mai bun deoarece linia mea de ini\u021biere este cea mai bun\u0103.\u201d Linia cea mai bun\u0103 p\u0103rea a fi cea mai scurt\u0103. Recunosc, am fost prins\u0103 \u0219i eu de vraja liniei scurte. \u00cen 2008, Patrick a venit \u00een Rom\u00e2nia! Cunosc\u00e2ndu-i povestea, mi-am f\u0103cut c\u00e2teva calcule. Astfel c\u0103, aveam \u00een fa\u021ba mea maestrul cu cea mai scurt\u0103 linie de ini\u021biere. \u015ei, la momentul acesta\u2026 tot a\u0219a este. Am \u00eenceput s\u0103 \u00eenv\u0103\u021b al\u0103turi de el, s\u0103 compar\u2026 Am primit foarte mult de la Patrick. Repet, cel mai bun, cel mai \u00een\u021beleg\u0103tor \u0219i cel mai r\u0103bd\u0103tor Om pe care\u00a0\u00a0 l-am \u00eent\u00e2lnit. Anul trecut, la Retreat-ul din Rom\u00e2nia, am discutat din nou despre energie, despre sisteme \u015fi linii de ini\u021biere. Aveam nevoie de informa\u021bii pentru carte \u015fi\u2026 nu doar pentru carte. Oricum eram \u00een c\u0103utare de informa\u021bii autentice. La un moment dat,\u00a0 s-a trezit ceva \u00een mine, ego-ul sau\u2026 \u0219i i-am cerut o ini\u021biere. Patrick, s-a uitat \u00een ochii mei \u015fi\u2026nu voi uita niciodat\u0103 acea privire \u0219i mi-a spus:<\/p><ul><li>Ok! Sigur c\u0103 da! Dac\u0103 asta este ceea ce vrei&#8230; Daar&#8230;\u00een sesiunea de diminea\u021b\u0103 ai avut o ini\u021biere! \u015ei ai sim\u021bit ceea ce ai \u0219i povestit! Daa??<\/li><li>Da!<\/li><li>\u015ei atunci? Ce vrei tu&#8230; de fapt? Cum crezi tu c\u0103 ceea ce \u021bi-a\u0219 putea da eu&#8230; ar putea fi peste ceea ce ai primit deja \u00een inima ta? Tu? De la Surs\u0103?<\/li><\/ul><p>Am mu\u021bit. O clip\u0103 am crezut c\u0103 mor de ru\u0219ine.<\/p><p>Credeam c\u0103 sunt foarte tare&#8230; C\u0103 am \u00een\u021beles principiul \u0219i c\u0103&#8230; rolul meu la clasele de All-Love este doar de suport&#8230; de teacher&#8230; de organizator&#8230;<\/p><p>Mare lec\u021bie!!!<\/p>\t\t\t\t\t\t<\/div>\n\t\t\t\t<\/div>\n\t\t\t\t\t<\/div>\n\t\t<\/div>\n\t\t\t\t\t\t\t<\/div>\n\t\t<\/section>\n\t\t\t\t\t\t\t<\/div>\n\t\t","protected":false},"excerpt":{"rendered":"<p>Se \u00eent\u00e2mpl\u0103 ceva lucruri \u00een noi. Pe m\u0103sur\u0103 ce evolu\u0103m, \u00eencrederea \u00een noi \u00een\u0219ine cre\u0219te \u0219i cap\u0103t\u0103 o cu totul alt\u0103 form\u0103. Emo\u021biile \u00eencep s\u0103 se lini\u0219teasc\u0103&#8230; g\u00e2ndurile se ordoneaz\u0103 \u0219i acces\u0103m Sufletul. Vindecarea emo\u021biilor \u0219i sentimentelor se face treptat&#8230; treptat&#8230; Cu fiecare sesiune de vindecare se \u00eenl\u0103tur\u0103 un strat \u0219i&#8230; \u00eenc\u0103 un strat. La &hellip; <\/p>\n<p class=\"link-more\"><a href=\"https:\/\/www.all-love.ro\/index.php\/sekhem-all-love\/all-love-4\/\" class=\"more-link\">Read more<span class=\"screen-reader-text\"> &#8220;Despre ini\u021biere\/iluminare \u0219i de ce s\u0103 vrei iluminarea?&#8221;<\/span><\/a><\/p>\n","protected":false},"author":2,"featured_media":0,"parent":12,"menu_order":0,"comment_status":"closed","ping_status":"closed","template":"","meta":{"_mi_skip_tracking":false,"footnotes":""},"class_list":["post-119","page","type-page","status-publish","hentry"],"aioseo_notices":[],"featured_media_urls":[],"_links":{"self":[{"href":"https:\/\/www.all-love.ro\/index.php\/wp-json\/wp\/v2\/pages\/119","targetHints":{"allow":["GET"]}}],"collection":[{"href":"https:\/\/www.all-love.ro\/index.php\/wp-json\/wp\/v2\/pages"}],"about":[{"href":"https:\/\/www.all-love.ro\/index.php\/wp-json\/wp\/v2\/types\/page"}],"author":[{"embeddable":true,"href":"https:\/\/www.all-love.ro\/index.php\/wp-json\/wp\/v2\/users\/2"}],"replies":[{"embeddable":true,"href":"https:\/\/www.all-love.ro\/index.php\/wp-json\/wp\/v2\/comments?post=119"}],"version-history":[{"count":15,"href":"https:\/\/www.all-love.ro\/index.php\/wp-json\/wp\/v2\/pages\/119\/revisions"}],"predecessor-version":[{"id":621,"href":"https:\/\/www.all-love.ro\/index.php\/wp-json\/wp\/v2\/pages\/119\/revisions\/621"}],"up":[{"embeddable":true,"href":"https:\/\/www.all-love.ro\/index.php\/wp-json\/wp\/v2\/pages\/12"}],"wp:attachment":[{"href":"https:\/\/www.all-love.ro\/index.php\/wp-json\/wp\/v2\/media?parent=119"}],"curies":[{"name":"wp","href":"https:\/\/api.w.org\/{rel}","templated":true}]}}