{"id":253,"date":"2022-02-10T22:45:19","date_gmt":"2022-02-10T20:45:19","guid":{"rendered":"http:\/\/localhost\/wordpress\/?page_id=253"},"modified":"2022-02-11T20:48:09","modified_gmt":"2022-02-11T20:48:09","slug":"cu-patrick-sekhem-zeigler-in-romania","status":"publish","type":"page","link":"https:\/\/www.all-love.ro\/index.php\/cu-patrick-sekhem-zeigler-in-romania\/","title":{"rendered":"Cu Patrick Sekhem Zeigler in Romania"},"content":{"rendered":"\t\t<div data-elementor-type=\"wp-page\" data-elementor-id=\"253\" class=\"elementor elementor-253\">\n\t\t\t\t\t\t\t\t\t<section class=\"elementor-section elementor-top-section elementor-element elementor-element-5a41940f elementor-section-boxed elementor-section-height-default elementor-section-height-default\" data-id=\"5a41940f\" data-element_type=\"section\">\n\t\t\t\t\t\t<div class=\"elementor-container elementor-column-gap-default\">\n\t\t\t\t\t<div class=\"elementor-column elementor-col-100 elementor-top-column elementor-element elementor-element-2eb1e316\" data-id=\"2eb1e316\" data-element_type=\"column\">\n\t\t\t<div class=\"elementor-widget-wrap elementor-element-populated\">\n\t\t\t\t\t\t\t\t<div class=\"elementor-element elementor-element-68284b45 elementor-widget elementor-widget-text-editor\" data-id=\"68284b45\" data-element_type=\"widget\" data-widget_type=\"text-editor.default\">\n\t\t\t\t<div class=\"elementor-widget-container\">\n\t\t\t<style>\/*! elementor - v3.7.6 - 15-09-2022 *\/\n.elementor-widget-text-editor.elementor-drop-cap-view-stacked .elementor-drop-cap{background-color:#818a91;color:#fff}.elementor-widget-text-editor.elementor-drop-cap-view-framed .elementor-drop-cap{color:#818a91;border:3px solid;background-color:transparent}.elementor-widget-text-editor:not(.elementor-drop-cap-view-default) .elementor-drop-cap{margin-top:8px}.elementor-widget-text-editor:not(.elementor-drop-cap-view-default) .elementor-drop-cap-letter{width:1em;height:1em}.elementor-widget-text-editor .elementor-drop-cap{float:left;text-align:center;line-height:1;font-size:50px}.elementor-widget-text-editor .elementor-drop-cap-letter{display:inline-block}<\/style>\t\t\t\t<!-- wp:paragraph -->\n<p>M-a \u00eentrebat cineva&#8230;de ce an de an, cam din 2009, insist s\u0103 \u00eendrum oamenii spre workshop uri <a href=\"https:\/\/www.facebook.com\/patrick.zeigler.7\">Patrick Scott Zeigler<\/a> &#8211; SKHM\/ALL LOVE? \u015fi &#8230;de ce nu le fac eu dac\u0103 tot am \u00eenv\u0103\u021bat \u00eempreuna cu Patrick an de an?<img loading=\"lazy\" decoding=\"async\" class=\"size-medium wp-image-342 alignright\" src=\"http:\/\/www.all-love.ro\/wp-content\/uploads\/2022\/02\/1238935_10151909798366328_2023270576_n-300x300.jpg\" alt=\"\" width=\"300\" height=\"300\" srcset=\"https:\/\/www.all-love.ro\/wp-content\/uploads\/2022\/02\/1238935_10151909798366328_2023270576_n-300x300.jpg 300w, https:\/\/www.all-love.ro\/wp-content\/uploads\/2022\/02\/1238935_10151909798366328_2023270576_n-150x150.jpg 150w, https:\/\/www.all-love.ro\/wp-content\/uploads\/2022\/02\/1238935_10151909798366328_2023270576_n.jpg 604w\" sizes=\"auto, (max-width: 300px) 100vw, 300px\" \/><br \/>Dar&#8230;eu \u021bin curs All Love \u00een fiecare luna. Si&#8230;sunt mul\u021bumita de ceea ce fac \u015fi de rezultatele ob\u021binute \u00eempreuna \u00een grupurile de terapii. Daaar&#8230;eu nu sunt Patrick!!! De-a lungul timpului, pe parcursul transform\u0103rii mele, am \u00eenv\u0103\u021bat s\u0103 \u00eemp\u0103rt\u0103\u0219esc cu ceilal\u021bi ceea ce a fost &#8220;bun&#8221; pentru mine. Si&#8230;de ceva timp&#8230;in afara activit\u0103\u021bilor pe care le conduc(cursuri, ini\u021bieri, terapii), am ales s\u0103 v\u0103 prezint \u00eenv\u0103\u021b\u0103torii mei spirituali. Asta c\u0103 s\u0103 nu m\u0103 crede\u021bi pe mine&#8230;sa v\u0103 convinge\u021bi! \u00cens\u0103, acum vorbim despre <a href=\"https:\/\/www.facebook.com\/patrick.zeigler.7\">Patrick Scott Zeigler<\/a>. \u015fi este foarte greu s\u0103 povestesc despre Patrick \u015fi despre procesul de vindecare \u00een cadrul terapiilor All Love&#8230; To\u0163i mae\u0219trii pe care i-am ales sunt foarte importan\u021bi pentru via\u021ba\u00a0 mea. Au fost ceea ce mi-a trebuit &#8230;la timpul potrivit&#8230;pentru a m\u0103 ajut\u0103 s\u0103 &#8221; trec pragul&#8221;&#8230;\u015ei au recuno\u0219tin\u021ba&#8230;ve\u0219nic\u0103(chiar \u015fi cei care m-au scos de pe Facebook &#8230;m\u0103 g\u00e2ndesc&#8230;a\u015fa&#8230;.c\u0103 &#8230;\u0219tiu ei ce \u0219tiu \u015fi ce fac).<br \/><br \/><\/p>\n<!-- \/wp:paragraph --><!-- wp:paragraph -->\n<p>Voi spune acum a\u015fa: <a href=\"https:\/\/www.facebook.com\/patrick.zeigler.7\">Patrick Scott Zeigler<\/a>, este pentru mine cel mai important OM pe care l-am cunoscut \u00een via\u021ba\u00a0 aceasta, din lumea aceasta. De ce? Pentru c\u0103 mi-a dat posibilitatea sa-l cunosc pentru a m\u0103 cunoa\u0219te&#8230;Pentru c\u0103 mi-a dat posibilitatea sa-l iubesc pentru a m\u0103 iubi \u015fi pentru a iubi&#8230;Pentru c\u0103 mi-a sp\u0103lat sufletul, l-a m\u00e2ng\u00e2iat \u015fi l-a a\u0219ezat la locul lui. Pentru c\u0103 a f\u0103cut \u00een a\u015fa fel \u00eencat&#8230;nu exista zi l\u0103sat\u0103 de Dumnezeu \u00een care s\u0103 nu-i simt prezenta &#8230;prin amprenta l\u0103sata sufletului meu, personalit\u0103\u021bii mele. Si&#8230;nu a f\u0103cut asta doar pentru mine. Sau&#8230; nu special pentru mine. Pentru to\u0163i. Egal. Ce am f\u0103cut eu? M-am deschis s\u0103 primesc. L-am urmat&#8230;in lini\u0219te&#8230;an de an. Si&#8230;in fiecare an&#8230;am sim\u021bit c\u0103 mi-a l\u0103sat ceva. Ceva care sa-mi aminteasc\u0103 \u00een fiecare zi c\u0103 l-am cunoscut \u015fi c\u0103 mi-a atins sufletul. a\u015fa func\u021bionez eu. Ast\u0103zi! dac\u0103 m\u0103 uit \u00een oglinda&#8230;\u00eemi amintesc de Patrick. C\u00e2nd \u00eemi place de mine&#8230;c\u00e2nd&#8230;m\u0103 iubesc&#8230;\u00eemi amintesc de Patrick. Atunci c\u00e2nd cei cu care evoluez \u00eemi pun r\u0103bdarea la \u00eencercare&#8230;c\u00e2nd m\u0103 simt atacata&#8230;m\u0103 surprind c\u0103 intru \u00een inima mea \u015fi spun&#8230;&#8221;OK&#8221;! C\u00e2nd \u00eemi pup c\u0103\u021belul, c\u00e2nd m\u0103 joc cu pisicu\u021bele si&#8230;mai ales c\u00e2nd m\u0103 trezesc diminea\u021ba l\u00e2ng\u0103 Mirel&#8230;\u00eemi amintesc de Patrick. Si&#8230;pentru acestea \u015fi &#8230;pentru mult mai multe &#8230;sunt recunosc\u0103toare&#8230;lui Patrick. \u0218tiu c\u0103 \u00eent\u00e2lnirea cu el m-a transformat. Dintre-un om \u00een alt om. Toate acestea justifica insistenta cu care vreau s\u0103 vi-l prezint Patrick!<br \/>Pentru mine, Cornelia Solomon, Patrick Zeigler este cel mai frumos, cel mai minunat, cel mai bun Om, \u00eenv\u0103\u021b\u0103tor, vindec\u0103tor&#8230;prieten.<img loading=\"lazy\" decoding=\"async\" class=\"size-medium wp-image-343 alignright\" src=\"http:\/\/www.all-love.ro\/wp-content\/uploads\/2022\/02\/32545744_792555880941767_5690784736092356608_n-225x300.jpg\" alt=\"\" width=\"225\" height=\"300\" srcset=\"https:\/\/www.all-love.ro\/wp-content\/uploads\/2022\/02\/32545744_792555880941767_5690784736092356608_n-225x300.jpg 225w, https:\/\/www.all-love.ro\/wp-content\/uploads\/2022\/02\/32545744_792555880941767_5690784736092356608_n.jpg 720w\" sizes=\"auto, (max-width: 225px) 100vw, 225px\" \/><br \/>OMULE, dac\u0103 te doare, dac\u0103 nu te accep\u021bi, dac\u0103 nu te sim\u0163i bine&#8230;tu cu tine&#8230;dac\u0103 vrei mai mult, dac\u0103 vrei s\u0103 te schimbi&#8230;atunci&#8230;te rog eu frumos: da-ti voie s\u0103 te \u00eent\u00e2lne\u0219ti cu <a href=\"https:\/\/www.facebook.com\/patrick.zeigler.7\">Patrick Scott Zeigler<\/a><br \/>&#8230;dac\u0103 pe toate acestea deja le-ai dob\u00e2ndit&#8230;poate vrei s\u0103 \u00eent\u00e2lne\u0219ti un model de r\u0103bdare, de modestie, de capacitate de \u00een\u021belegere&#8230;Acesta este Patrick si&#8230;da-ti voie sa-l cuno\u0219ti.<\/p>\n<!-- \/wp:paragraph --><!-- wp:paragraph -->\n<p>Ti-am spus toate aceste lucruri din tot sufletul meu&#8230;din toata inima mea &#8211; deschisa pentru ALL LOVE!<br \/>Tu&#8230;esti liber! Crede ce vrei! \u00cen\u021belege ce vrei! Eu simt c\u0103 am f\u0103cut ce trebuie&#8230;pentru tine!<br \/>Ce voi face pentru mine? Voi profita maxim de prezenta lui \u00een Romania!<br \/>ALL LOVE, \u015fi TIE!<\/p>\n<!-- \/wp:paragraph -->\t\t\t\t\t\t<\/div>\n\t\t\t\t<\/div>\n\t\t\t\t\t<\/div>\n\t\t<\/div>\n\t\t\t\t\t\t\t<\/div>\n\t\t<\/section>\n\t\t\t\t\t\t\t<\/div>\n\t\t","protected":false},"excerpt":{"rendered":"<p>M-a \u00eentrebat cineva&#8230;de ce an de an, cam din 2009, insist s\u0103 \u00eendrum oamenii spre workshop uri Patrick Scott Zeigler &#8211; SKHM\/ALL LOVE? \u015fi &#8230;de ce nu le fac eu dac\u0103 tot am \u00eenv\u0103\u021bat \u00eempreuna cu Patrick an de an?Dar&#8230;eu \u021bin curs All Love \u00een fiecare luna. Si&#8230;sunt mul\u021bumita de ceea ce fac \u015fi de &hellip; <\/p>\n<p class=\"link-more\"><a href=\"https:\/\/www.all-love.ro\/index.php\/cu-patrick-sekhem-zeigler-in-romania\/\" class=\"more-link\">Read more<span class=\"screen-reader-text\"> &#8220;Cu Patrick Sekhem Zeigler in Romania&#8221;<\/span><\/a><\/p>\n","protected":false},"author":2,"featured_media":0,"parent":0,"menu_order":0,"comment_status":"closed","ping_status":"closed","template":"","meta":{"_mi_skip_tracking":false,"footnotes":""},"class_list":["post-253","page","type-page","status-publish","hentry"],"aioseo_notices":[],"featured_media_urls":[],"_links":{"self":[{"href":"https:\/\/www.all-love.ro\/index.php\/wp-json\/wp\/v2\/pages\/253","targetHints":{"allow":["GET"]}}],"collection":[{"href":"https:\/\/www.all-love.ro\/index.php\/wp-json\/wp\/v2\/pages"}],"about":[{"href":"https:\/\/www.all-love.ro\/index.php\/wp-json\/wp\/v2\/types\/page"}],"author":[{"embeddable":true,"href":"https:\/\/www.all-love.ro\/index.php\/wp-json\/wp\/v2\/users\/2"}],"replies":[{"embeddable":true,"href":"https:\/\/www.all-love.ro\/index.php\/wp-json\/wp\/v2\/comments?post=253"}],"version-history":[{"count":3,"href":"https:\/\/www.all-love.ro\/index.php\/wp-json\/wp\/v2\/pages\/253\/revisions"}],"predecessor-version":[{"id":346,"href":"https:\/\/www.all-love.ro\/index.php\/wp-json\/wp\/v2\/pages\/253\/revisions\/346"}],"wp:attachment":[{"href":"https:\/\/www.all-love.ro\/index.php\/wp-json\/wp\/v2\/media?parent=253"}],"curies":[{"name":"wp","href":"https:\/\/api.w.org\/{rel}","templated":true}]}}