{"id":8,"date":"2021-10-20T13:36:53","date_gmt":"2021-10-20T13:36:53","guid":{"rendered":"http:\/\/localhost\/wordpress\/?page_id=8"},"modified":"2022-04-04T18:35:53","modified_gmt":"2022-04-04T18:35:53","slug":"acasa","status":"publish","type":"page","link":"https:\/\/www.all-love.ro\/","title":{"rendered":"All Love Romania"},"content":{"rendered":"\t\t<div data-elementor-type=\"wp-page\" data-elementor-id=\"8\" class=\"elementor elementor-8\">\n\t\t\t\t\t\t\t\t\t<section class=\"elementor-section elementor-top-section elementor-element elementor-element-434f111f elementor-section-boxed elementor-section-height-default elementor-section-height-default\" data-id=\"434f111f\" data-element_type=\"section\">\n\t\t\t\t\t\t<div class=\"elementor-container elementor-column-gap-default\">\n\t\t\t\t\t<div class=\"elementor-column elementor-col-100 elementor-top-column elementor-element elementor-element-729e6367\" data-id=\"729e6367\" data-element_type=\"column\">\n\t\t\t<div class=\"elementor-widget-wrap elementor-element-populated\">\n\t\t\t\t\t\t\t\t<div class=\"elementor-element elementor-element-7ec00d6a elementor-widget elementor-widget-text-editor\" data-id=\"7ec00d6a\" data-element_type=\"widget\" data-widget_type=\"text-editor.default\">\n\t\t\t\t<div class=\"elementor-widget-container\">\n\t\t\t<style>\/*! elementor - v3.7.6 - 15-09-2022 *\/\n.elementor-widget-text-editor.elementor-drop-cap-view-stacked .elementor-drop-cap{background-color:#818a91;color:#fff}.elementor-widget-text-editor.elementor-drop-cap-view-framed .elementor-drop-cap{color:#818a91;border:3px solid;background-color:transparent}.elementor-widget-text-editor:not(.elementor-drop-cap-view-default) .elementor-drop-cap{margin-top:8px}.elementor-widget-text-editor:not(.elementor-drop-cap-view-default) .elementor-drop-cap-letter{width:1em;height:1em}.elementor-widget-text-editor .elementor-drop-cap{float:left;text-align:center;line-height:1;font-size:50px}.elementor-widget-text-editor .elementor-drop-cap-letter{display:inline-block}<\/style>\t\t\t\t<p><!-- wp:paragraph --><\/p>\n<p>Sekhem este o energie revelat\u0103 lui Patrick Zeigler! De aici, Patrick a creat un sistem original numit pe r\u00e2nd Seichim, Sekhem, SKHM\u2026<\/p>\n<p><!-- \/wp:paragraph --><!-- wp:paragraph --><\/p>\n<p><img loading=\"lazy\" decoding=\"async\" class=\"alignright wp-image-334 size-medium\" src=\"http:\/\/www.all-love.ro\/wp-content\/uploads\/2022\/02\/13653048_1291481600881927_4308889637636856187_o-300x169.jpg\" alt=\"grup All Love\" width=\"300\" height=\"169\" srcset=\"https:\/\/www.all-love.ro\/wp-content\/uploads\/2022\/02\/13653048_1291481600881927_4308889637636856187_o-300x169.jpg 300w, https:\/\/www.all-love.ro\/wp-content\/uploads\/2022\/02\/13653048_1291481600881927_4308889637636856187_o-768x432.jpg 768w, https:\/\/www.all-love.ro\/wp-content\/uploads\/2022\/02\/13653048_1291481600881927_4308889637636856187_o.jpg 960w\" sizes=\"auto, (max-width: 300px) 100vw, 300px\" \/>Din acest sistem s-au n\u0103scut alte sisteme \u0219i modalit\u0103\u021bi de vindecare. Patrick, mai departe, a experimentat \u0219i a dezvoltat acest sistem cre\u00e2nd Sekhem\/AllLove. Sekhem \u00eenseamn\u0103 PUTERE spiritual\u0103 \u0219i are ca rol dizolvarea blocajelor la nivel fizic, mental, emo\u021bional \u0219i spiritual.<\/p>\n<p>La clasele All-Love se experimenteaz\u0103 iubirea necondi\u021bionat\u0103. Totul este diferit fa\u021b\u0103 de tehnicile \u0219i sistemele energetice de vindecare. Practic nu exist\u0103 termen de compara\u021bie. Nu se lucreaz\u0103 cu acordajele obi\u0219nuite, nu trebuie s\u0103 \u00eenve\u021bi, s\u0103 cite\u0219ti cursuri, c\u0103r\u021bi despre aceast\u0103 modalitate de vindecare. Asta nu \u00eenseamn\u0103 c\u0103 nu se produc ini\u021bieri. Cu siguran\u021b\u0103 acestea vin atunci c\u00e2nd suntem suficient de deschi\u0219i \u00een fa\u021ba energiei, c\u00e2nd ne d\u0103m voie s\u0103 ne conect\u0103m la Surs\u0103.<\/p>\n<p style=\"text-align: center;\"><!-- \/wp:paragraph --><!-- wp:paragraph --><\/p>\n<p><!-- \/wp:paragraph --><!-- wp:paragraph --><\/p>\n<p>Patrick, este un bun \u00eenv\u0103\u021b\u0103tor \u0219i cu toate acestea, ne \u00eendeamn\u0103 s\u0103 l\u0103s\u0103m energia s\u0103 fie \u00eenv\u0103\u021b\u0103torul nostru. Descoperim iubirea necondi\u021bionat\u0103 din inima noastr\u0103, o experiment\u0103m \u0219i o cultiv\u0103m. Deci, vindecarea vine din iubire, cu iubire \u0219i pentru iubire. Scopul nostru este acela de a deveni UNA cu <a href=\"http:\/\/www.all-love.ro\">TOAT\u0102 IUBIREA!<\/a><\/p>\n<p><!-- \/wp:paragraph --><\/p>\t\t\t\t\t\t<\/div>\n\t\t\t\t<\/div>\n\t\t\t\t\t<\/div>\n\t\t<\/div>\n\t\t\t\t\t\t\t<\/div>\n\t\t<\/section>\n\t\t\t\t\t\t\t<\/div>\n\t\t","protected":false},"excerpt":{"rendered":"<p>Sekhem este o energie revelat\u0103 lui Patrick Zeigler! De aici, Patrick a creat un sistem original numit pe r\u00e2nd Seichim, Sekhem, SKHM\u2026 Din acest sistem s-au n\u0103scut alte sisteme \u0219i modalit\u0103\u021bi de vindecare. Patrick, mai departe, a experimentat \u0219i a dezvoltat acest sistem cre\u00e2nd Sekhem\/AllLove. Sekhem \u00eenseamn\u0103 PUTERE spiritual\u0103 \u0219i are ca rol dizolvarea blocajelor &hellip; <\/p>\n<p class=\"link-more\"><a href=\"https:\/\/www.all-love.ro\/\" class=\"more-link\">Read more<span class=\"screen-reader-text\"> &#8220;All Love Romania&#8221;<\/span><\/a><\/p>\n","protected":false},"author":2,"featured_media":0,"parent":0,"menu_order":0,"comment_status":"closed","ping_status":"closed","template":"","meta":{"_mi_skip_tracking":false,"footnotes":""},"class_list":["post-8","page","type-page","status-publish","hentry"],"aioseo_notices":[],"featured_media_urls":[],"_links":{"self":[{"href":"https:\/\/www.all-love.ro\/index.php\/wp-json\/wp\/v2\/pages\/8","targetHints":{"allow":["GET"]}}],"collection":[{"href":"https:\/\/www.all-love.ro\/index.php\/wp-json\/wp\/v2\/pages"}],"about":[{"href":"https:\/\/www.all-love.ro\/index.php\/wp-json\/wp\/v2\/types\/page"}],"author":[{"embeddable":true,"href":"https:\/\/www.all-love.ro\/index.php\/wp-json\/wp\/v2\/users\/2"}],"replies":[{"embeddable":true,"href":"https:\/\/www.all-love.ro\/index.php\/wp-json\/wp\/v2\/comments?post=8"}],"version-history":[{"count":20,"href":"https:\/\/www.all-love.ro\/index.php\/wp-json\/wp\/v2\/pages\/8\/revisions"}],"predecessor-version":[{"id":780,"href":"https:\/\/www.all-love.ro\/index.php\/wp-json\/wp\/v2\/pages\/8\/revisions\/780"}],"wp:attachment":[{"href":"https:\/\/www.all-love.ro\/index.php\/wp-json\/wp\/v2\/media?parent=8"}],"curies":[{"name":"wp","href":"https:\/\/api.w.org\/{rel}","templated":true}]}}